{"id":10300,"date":"2024-09-19T17:41:33","date_gmt":"2024-09-19T15:41:33","guid":{"rendered":"https:\/\/adrprojects.com\/politique-de-cookies\/"},"modified":"2025-05-30T13:15:57","modified_gmt":"2025-05-30T11:15:57","slug":"politique-de-cookies","status":"publish","type":"page","link":"https:\/\/adrprojects.com\/fr\/politique-de-cookies\/","title":{"rendered":"Politique de cookies"},"content":{"rendered":"\t\t<div data-elementor-type=\"wp-page\" data-elementor-id=\"10300\" class=\"elementor elementor-10300 elementor-8238\" data-elementor-post-type=\"page\">\n\t\t\t\t<div class=\"elementor-element elementor-element-23cb8ba1 e-flex e-con-boxed e-con e-parent\" data-id=\"23cb8ba1\" data-element_type=\"container\" data-e-type=\"container\">\n\t\t\t\t\t<div class=\"e-con-inner\">\n\t\t\t\t<div class=\"elementor-element elementor-element-5cb328b9 elementor-widget elementor-widget-text-editor\" data-id=\"5cb328b9\" data-element_type=\"widget\" data-e-type=\"widget\" data-widget_type=\"text-editor.default\">\n\t\t\t\t<div class=\"elementor-widget-container\">\n\t\t\t\t\t\t\t\t\t<h1><\/h1><br><h1>Politique de cookies<\/h1><br><h1><\/h1><br><div id=\"gtx-trans\" style=\"position: absolute; left: 228px; top: 134.875px;\">\r\n<div class=\"gtx-trans-icon\"><\/div><br><\/div>\t\t\t\t\t\t\t\t<\/div>\n\t\t\t\t<\/div>\n\t\t\t\t<div class=\"elementor-element elementor-element-a9e0c15 elementor-widget elementor-widget-text-editor\" data-id=\"a9e0c15\" data-element_type=\"widget\" data-e-type=\"widget\" data-widget_type=\"text-editor.default\">\n\t\t\t\t<div class=\"elementor-widget-container\">\n\t\t\t\t\t\t\t\t\tLes cookies sont des fichiers ou dispositifs informatiques largement utilis\u00e9s qui sont t\u00e9l\u00e9charg\u00e9s sur l\u2019appareil de l\u2019utilisateur lorsqu\u2019il acc\u00e8de \u00e0 un site. Leur but est de stocker des donn\u00e9es pouvant \u00eatre mises \u00e0 jour et r\u00e9cup\u00e9r\u00e9es par l\u2019entit\u00e9 responsable de leur installation. Ils sont principalement utilis\u00e9s pour am\u00e9liorer le site et offrir une meilleure exp\u00e9rience de navigation \u00e0 l\u2019utilisateur.<br><br>Sur ce site, nous utilisons des cookies propri\u00e9taires et tiers pour assurer une gestion ad\u00e9quate de l\u2019acc\u00e8s des utilisateurs, am\u00e9liorer nos services et afficher des informations en lien avec vos pr\u00e9f\u00e9rences de navigation.<br><br>Pour utiliser l\u2019ensemble des services et fonctionnalit\u00e9s du site (par exemple, acc\u00e9der en tant qu\u2019utilisateur enregistr\u00e9) l\u2019activation des cookies dans le navigateur est n\u00e9cessaire.<br><br>En naviguant sur notre site et\/ou en utilisant nos services, vous acceptez notre utilisation des cookies.<br><br>Vous pouvez n\u00e9anmoins d\u00e9sactiver les cookies \u00e0 tout moment (avec les limitations que cela implique) via les param\u00e8tres de votre navigateur Internet. Selon le navigateur utilis\u00e9, vous pourrez choisir de : refuser certains types de cookies\u00a0; refuser les cookies tiers\u00a0; accepter uniquement les cookies non persistants\u00a0; voir et supprimer les cookies individuellement<br><br>Vous trouverez plus d\u2019informations sur les cookies en cliquant sur le lien :\u00a0<a href=\"http:\/\/es.wikipedia.org\/wiki\/Cookie\">http:\/\/es.wikipedia.org\/wiki\/Cookie<\/a><br><br>Ce site utilise Google Analytics, un service d\u2019analyse web propos\u00e9 par Google Inc. Les informations obtenues via Google Analytics ne permettent pas l\u2019identification de l\u2019utilisateur et sont utilis\u00e9es uniquement \u00e0 des fins statistiques.<br><br>Vous pouvez obtenir plus d\u2019informations sur l\u2019outil Google Analytics en cliquant sur ce lien : <a href=\"http:\/\/www.google.es\/intl\/es\/analytics\/privacyoverview.html\">http:\/\/www.google.es\/intl\/es\/analytics\/privacyoverview.html<\/a>\t\t\t\t\t\t\t\t<\/div>\n\t\t\t\t<\/div>\n\t\t\t\t\t<\/div>\n\t\t\t\t<\/div>\n\t\t\t\t<\/div>\n\t\t","protected":false},"excerpt":{"rendered":"<p>Politique de cookies Les cookies sont des fichiers ou dispositifs informatiques largement utilis\u00e9s qui sont t\u00e9l\u00e9charg\u00e9s sur l\u2019appareil de l\u2019utilisateur lorsqu\u2019il acc\u00e8de \u00e0 un site. Leur but est de stocker des donn\u00e9es pouvant \u00eatre mises \u00e0 jour et r\u00e9cup\u00e9r\u00e9es par l\u2019entit\u00e9 responsable de leur installation. Ils sont principalement utilis\u00e9s pour am\u00e9liorer le site et offrir [&hellip;]<\/p>\n","protected":false},"author":1,"featured_media":0,"parent":0,"menu_order":0,"comment_status":"closed","ping_status":"closed","template":"","meta":{"_acf_changed":false,"footnotes":""},"class_list":["post-10300","page","type-page","status-publish","hentry"],"acf":[],"yoast_head":"<!-- This site is optimized with the Yoast SEO plugin v27.4 - https:\/\/yoast.com\/product\/yoast-seo-wordpress\/ -->\n<title>Politique de cookies - ADR Projects<\/title>\n<meta name=\"robots\" content=\"index, follow, max-snippet:-1, max-image-preview:large, max-video-preview:-1\" \/>\n<link rel=\"canonical\" href=\"https:\/\/adrprojects.com\/fr\/politique-de-cookies\/\" \/>\n<meta property=\"og:locale\" content=\"fr_FR\" \/>\n<meta property=\"og:type\" content=\"article\" \/>\n<meta property=\"og:title\" content=\"Politique de cookies - ADR Projects\" \/>\n<meta property=\"og:description\" content=\"Politique de cookies Les cookies sont des fichiers ou dispositifs informatiques largement utilis\u00e9s qui sont t\u00e9l\u00e9charg\u00e9s sur l\u2019appareil de l\u2019utilisateur lorsqu\u2019il acc\u00e8de \u00e0 un site. Leur but est de stocker des donn\u00e9es pouvant \u00eatre mises \u00e0 jour et r\u00e9cup\u00e9r\u00e9es par l\u2019entit\u00e9 responsable de leur installation. Ils sont principalement utilis\u00e9s pour am\u00e9liorer le site et offrir [&hellip;]\" \/>\n<meta property=\"og:url\" content=\"https:\/\/adrprojects.com\/fr\/politique-de-cookies\/\" \/>\n<meta property=\"og:site_name\" content=\"ADR Projects\" \/>\n<meta property=\"article:modified_time\" content=\"2025-05-30T11:15:57+00:00\" \/>\n<meta name=\"twitter:card\" content=\"summary_large_image\" \/>\n<meta name=\"twitter:label1\" content=\"Dur\u00e9e de lecture estim\u00e9e\" \/>\n\t<meta name=\"twitter:data1\" content=\"1 minute\" \/>\n<script type=\"application\/ld+json\" class=\"yoast-schema-graph\">{\"@context\":\"https:\\\/\\\/schema.org\",\"@graph\":[{\"@type\":\"WebPage\",\"@id\":\"https:\\\/\\\/adrprojects.com\\\/fr\\\/politique-de-cookies\\\/\",\"url\":\"https:\\\/\\\/adrprojects.com\\\/fr\\\/politique-de-cookies\\\/\",\"name\":\"Politique de cookies - ADR Projects\",\"isPartOf\":{\"@id\":\"https:\\\/\\\/adrprojects.com\\\/fr\\\/#website\"},\"datePublished\":\"2024-09-19T15:41:33+00:00\",\"dateModified\":\"2025-05-30T11:15:57+00:00\",\"breadcrumb\":{\"@id\":\"https:\\\/\\\/adrprojects.com\\\/fr\\\/politique-de-cookies\\\/#breadcrumb\"},\"inLanguage\":\"fr-FR\",\"potentialAction\":[{\"@type\":\"ReadAction\",\"target\":[\"https:\\\/\\\/adrprojects.com\\\/fr\\\/politique-de-cookies\\\/\"]}]},{\"@type\":\"BreadcrumbList\",\"@id\":\"https:\\\/\\\/adrprojects.com\\\/fr\\\/politique-de-cookies\\\/#breadcrumb\",\"itemListElement\":[{\"@type\":\"ListItem\",\"position\":1,\"name\":\"Inicio\",\"item\":\"https:\\\/\\\/adrprojects.com\\\/fr\\\/\"},{\"@type\":\"ListItem\",\"position\":2,\"name\":\"Politique de cookies\"}]},{\"@type\":\"WebSite\",\"@id\":\"https:\\\/\\\/adrprojects.com\\\/fr\\\/#website\",\"url\":\"https:\\\/\\\/adrprojects.com\\\/fr\\\/\",\"name\":\"ADR Projects\",\"description\":\"Creamos espacios para una vida con pasi\u00f3n, libertad y comodidad.\",\"publisher\":{\"@id\":\"https:\\\/\\\/adrprojects.com\\\/fr\\\/#organization\"},\"alternateName\":\"Organic Cotton Colours\",\"potentialAction\":[{\"@type\":\"SearchAction\",\"target\":{\"@type\":\"EntryPoint\",\"urlTemplate\":\"https:\\\/\\\/adrprojects.com\\\/fr\\\/?s={search_term_string}\"},\"query-input\":{\"@type\":\"PropertyValueSpecification\",\"valueRequired\":true,\"valueName\":\"search_term_string\"}}],\"inLanguage\":\"fr-FR\"},{\"@type\":\"Organization\",\"@id\":\"https:\\\/\\\/adrprojects.com\\\/fr\\\/#organization\",\"name\":\"ADR Projects\",\"url\":\"https:\\\/\\\/adrprojects.com\\\/fr\\\/\",\"logo\":{\"@type\":\"ImageObject\",\"inLanguage\":\"fr-FR\",\"@id\":\"https:\\\/\\\/adrprojects.com\\\/fr\\\/#\\\/schema\\\/logo\\\/image\\\/\",\"url\":\"https:\\\/\\\/adrprojects.com\\\/wp-content\\\/uploads\\\/2023\\\/12\\\/favicon-negre.svg\",\"contentUrl\":\"https:\\\/\\\/adrprojects.com\\\/wp-content\\\/uploads\\\/2023\\\/12\\\/favicon-negre.svg\",\"width\":124,\"height\":124,\"caption\":\"ADR Projects\"},\"image\":{\"@id\":\"https:\\\/\\\/adrprojects.com\\\/fr\\\/#\\\/schema\\\/logo\\\/image\\\/\"},\"sameAs\":[\"https:\\\/\\\/www.instagram.com\\\/adrprojects\\\/\",\"https:\\\/\\\/www.linkedin.com\\\/in\\\/adr-projects-b8a4951a6\\\/\"]}]}<\/script>\n<!-- \/ Yoast SEO plugin. -->","yoast_head_json":{"title":"Politique de cookies - ADR Projects","robots":{"index":"index","follow":"follow","max-snippet":"max-snippet:-1","max-image-preview":"max-image-preview:large","max-video-preview":"max-video-preview:-1"},"canonical":"https:\/\/adrprojects.com\/fr\/politique-de-cookies\/","og_locale":"fr_FR","og_type":"article","og_title":"Politique de cookies - ADR Projects","og_description":"Politique de cookies Les cookies sont des fichiers ou dispositifs informatiques largement utilis\u00e9s qui sont t\u00e9l\u00e9charg\u00e9s sur l\u2019appareil de l\u2019utilisateur lorsqu\u2019il acc\u00e8de \u00e0 un site. Leur but est de stocker des donn\u00e9es pouvant \u00eatre mises \u00e0 jour et r\u00e9cup\u00e9r\u00e9es par l\u2019entit\u00e9 responsable de leur installation. Ils sont principalement utilis\u00e9s pour am\u00e9liorer le site et offrir [&hellip;]","og_url":"https:\/\/adrprojects.com\/fr\/politique-de-cookies\/","og_site_name":"ADR Projects","article_modified_time":"2025-05-30T11:15:57+00:00","twitter_card":"summary_large_image","twitter_misc":{"Dur\u00e9e de lecture estim\u00e9e":"1 minute"},"schema":{"@context":"https:\/\/schema.org","@graph":[{"@type":"WebPage","@id":"https:\/\/adrprojects.com\/fr\/politique-de-cookies\/","url":"https:\/\/adrprojects.com\/fr\/politique-de-cookies\/","name":"Politique de cookies - ADR Projects","isPartOf":{"@id":"https:\/\/adrprojects.com\/fr\/#website"},"datePublished":"2024-09-19T15:41:33+00:00","dateModified":"2025-05-30T11:15:57+00:00","breadcrumb":{"@id":"https:\/\/adrprojects.com\/fr\/politique-de-cookies\/#breadcrumb"},"inLanguage":"fr-FR","potentialAction":[{"@type":"ReadAction","target":["https:\/\/adrprojects.com\/fr\/politique-de-cookies\/"]}]},{"@type":"BreadcrumbList","@id":"https:\/\/adrprojects.com\/fr\/politique-de-cookies\/#breadcrumb","itemListElement":[{"@type":"ListItem","position":1,"name":"Inicio","item":"https:\/\/adrprojects.com\/fr\/"},{"@type":"ListItem","position":2,"name":"Politique de cookies"}]},{"@type":"WebSite","@id":"https:\/\/adrprojects.com\/fr\/#website","url":"https:\/\/adrprojects.com\/fr\/","name":"ADR Projects","description":"Creamos espacios para una vida con pasi\u00f3n, libertad y comodidad.","publisher":{"@id":"https:\/\/adrprojects.com\/fr\/#organization"},"alternateName":"Organic Cotton Colours","potentialAction":[{"@type":"SearchAction","target":{"@type":"EntryPoint","urlTemplate":"https:\/\/adrprojects.com\/fr\/?s={search_term_string}"},"query-input":{"@type":"PropertyValueSpecification","valueRequired":true,"valueName":"search_term_string"}}],"inLanguage":"fr-FR"},{"@type":"Organization","@id":"https:\/\/adrprojects.com\/fr\/#organization","name":"ADR Projects","url":"https:\/\/adrprojects.com\/fr\/","logo":{"@type":"ImageObject","inLanguage":"fr-FR","@id":"https:\/\/adrprojects.com\/fr\/#\/schema\/logo\/image\/","url":"https:\/\/adrprojects.com\/wp-content\/uploads\/2023\/12\/favicon-negre.svg","contentUrl":"https:\/\/adrprojects.com\/wp-content\/uploads\/2023\/12\/favicon-negre.svg","width":124,"height":124,"caption":"ADR Projects"},"image":{"@id":"https:\/\/adrprojects.com\/fr\/#\/schema\/logo\/image\/"},"sameAs":["https:\/\/www.instagram.com\/adrprojects\/","https:\/\/www.linkedin.com\/in\/adr-projects-b8a4951a6\/"]}]}},"_links":{"self":[{"href":"https:\/\/adrprojects.com\/fr\/wp-json\/wp\/v2\/pages\/10300","targetHints":{"allow":["GET"]}}],"collection":[{"href":"https:\/\/adrprojects.com\/fr\/wp-json\/wp\/v2\/pages"}],"about":[{"href":"https:\/\/adrprojects.com\/fr\/wp-json\/wp\/v2\/types\/page"}],"author":[{"embeddable":true,"href":"https:\/\/adrprojects.com\/fr\/wp-json\/wp\/v2\/users\/1"}],"replies":[{"embeddable":true,"href":"https:\/\/adrprojects.com\/fr\/wp-json\/wp\/v2\/comments?post=10300"}],"version-history":[{"count":1,"href":"https:\/\/adrprojects.com\/fr\/wp-json\/wp\/v2\/pages\/10300\/revisions"}],"predecessor-version":[{"id":10301,"href":"https:\/\/adrprojects.com\/fr\/wp-json\/wp\/v2\/pages\/10300\/revisions\/10301"}],"wp:attachment":[{"href":"https:\/\/adrprojects.com\/fr\/wp-json\/wp\/v2\/media?parent=10300"}],"curies":[{"name":"wp","href":"https:\/\/api.w.org\/{rel}","templated":true}]}}