{"id":10298,"date":"2024-09-19T17:42:00","date_gmt":"2024-09-19T15:42:00","guid":{"rendered":"https:\/\/adrprojects.com\/politique-de-confidentialite\/"},"modified":"2025-05-30T13:16:49","modified_gmt":"2025-05-30T11:16:49","slug":"politique-de-confidentialite","status":"publish","type":"page","link":"https:\/\/adrprojects.com\/fr\/politique-de-confidentialite\/","title":{"rendered":"Politique de confidentialit\u00e9"},"content":{"rendered":"\t\t<div data-elementor-type=\"wp-page\" data-elementor-id=\"10298\" class=\"elementor elementor-10298 elementor-8240\" data-elementor-post-type=\"page\">\n\t\t\t\t<div class=\"elementor-element elementor-element-685d4e29 e-flex e-con-boxed e-con e-parent\" data-id=\"685d4e29\" data-element_type=\"container\" data-e-type=\"container\">\n\t\t\t\t\t<div class=\"e-con-inner\">\n\t\t\t\t<div class=\"elementor-element elementor-element-3c5a9b4c elementor-widget elementor-widget-text-editor\" data-id=\"3c5a9b4c\" data-element_type=\"widget\" data-e-type=\"widget\" data-widget_type=\"text-editor.default\">\n\t\t\t\t<div class=\"elementor-widget-container\">\n\t\t\t\t\t\t\t\t\t<h1>Politique de confidentialit\u00e9<\/h1>\n<p><\/p>\n<div id=\"gtx-trans\" style=\"position: absolute; left: 15px; top: -1.5625px;\">\n<div class=\"gtx-trans-icon\"><\/div>\n<p><\/div>\n\t\t\t\t\t\t\t\t<\/div>\n\t\t\t\t<\/div>\n\t\t\t\t<div class=\"elementor-element elementor-element-5fdbbec elementor-widget elementor-widget-text-editor\" data-id=\"5fdbbec\" data-element_type=\"widget\" data-e-type=\"widget\" data-widget_type=\"text-editor.default\">\n\t\t\t\t<div class=\"elementor-widget-container\">\n\t\t\t\t\t\t\t\t\tL&rsquo;acc\u00e8s et l&rsquo;utilisation du site <a href=\"https:\/\/adrprojects.cat\/\">https:\/\/adrprojects.cat\/<\/a> (ci-apr\u00e8s, le \u00ab\u00a0Site\u00a0\u00bb) attribuent la condition d&rsquo;utilisateur au visiteur et impliquent l&rsquo;acceptation pleine et sans r\u00e9serve des conditions d&rsquo;utilisation en vigueur \u00e0 chaque instant.<br><br><strong>TOFI PROJECTS, S.L.P<\/strong> (ci-apr\u00e8s \u00ab\u00a0ADR Projects\u00a0\u00bb ou \u00ab\u00a0l&rsquo;Entreprise\u00a0\u00bb) s&rsquo;engage \u00e0 traiter vos donn\u00e9es conform\u00e9ment \u00e0 la r\u00e9glementation applicable et en vigueur en mati\u00e8re de protection des donn\u00e9es personnelles. En particulier, l&rsquo;Entreprise respectera les principes \u00e9tablis par la Loi Organique 3\/2018, du 5 d\u00e9cembre, relative \u00e0 la protection des donn\u00e9es personnelles et \u00e0 la garantie des droits num\u00e9riques (\u00ab\u00a0LOPDGDD\u00a0\u00bb), ainsi que par le R\u00e8glement (UE) 2016\/679, du 27 avril 2016, du Parlement europ\u00e9en et du Conseil relatif \u00e0 la protection des personnes physiques \u00e0 l&rsquo;\u00e9gard du traitement des donn\u00e9es personnelles et \u00e0 la libre circulation de ces donn\u00e9es, et abrogeant la Directive 95\/46\/CE (\u00ab\u00a0RGPD\u00a0\u00bb), ainsi que toute autre r\u00e9glementation applicable en vigueur.<br><br>\u00c0 cet \u00e9gard, l&rsquo;Entreprise informe les utilisateurs de sa politique de confidentialit\u00e9, afin de les sensibiliser au traitement de leurs donn\u00e9es et aux principes fondamentaux qu&rsquo;elle applique en mati\u00e8re de protection des donn\u00e9es personnelles.<br><br>En utilisant notre site, l&rsquo;utilisateur reconna\u00eet avoir lu et accept\u00e9 cette politique de confidentialit\u00e9 ainsi que nos <strong>Mentions L\u00e9gales<\/strong>.<br><br>&nbsp;<br><ol>\r\n \t<li><strong> Qui est responsable du traitement de vos donn\u00e9es ?<\/strong><\/li>\r\n<\/ol><br><strong><u>Identit\u00e9 du responsable du traitement <\/u><\/strong>: TOFI PROJECTS, S.L.P.<br><br><strong><u>Adresse<\/u><\/strong>: Carretera Girona n\u00ba18, 17220 Sant Feliu de Gu\u00edxols, G\u00e9rone, Espagne<br><br><strong><u>NIF<\/u><\/strong>: B67986869<br><br><strong><u>T\u00e9l\u00e9phone <\/u><\/strong>: +34 872 983 524<br><br><strong><u>E-mail:<\/u><\/strong> hola@adrprojects.cat<br><br><strong>2.- \u00c0 quel moment collectons-nous vos donn\u00e9es ?<\/strong><br><br>Ce Site est \u00e0 caract\u00e8re informatif et collecte des donn\u00e9es personnelles dans les cas suivants :<br><br><strong>Formulaire de contact ou envoi d\u2019un courrier \u00e9lectronique<\/strong> : un formulaire est disponible sur le Site afin que vous puissiez nous contacter pour demander des informations et\/ou poser des questions. En compl\u00e9tant ce formulaire, nous vous demandons de vous identifier et de nous fournir vos coordonn\u00e9es dans le but de r\u00e9pondre \u00e0 votre demande. Vous pouvez \u00e9galement nous envoyer un courrier \u00e9lectronique pour nous contacter ou nous transmettre votre <strong>curriculum vitae<\/strong> dans le cadre de processus de s\u00e9lection en cours ou futurs. Tous les points de collecte de donn\u00e9es sont directement destin\u00e9s \u00e0 l\u2019utilisateur du Site, et il n\u2019est pas pr\u00e9vu que des donn\u00e9es de tiers soient collect\u00e9es, de sorte que les informations fournies proviendront exclusivement de l\u2019utilisateur concern\u00e9.<br><br><strong>Par le biais des cookies<\/strong> : ce Site installe des cookies qui collectent des informations sur la navigation. Nous vous recommandons de lire notre <strong>politique de cookies<\/strong> pour obtenir des informations d\u00e9taill\u00e9es \u00e0 ce sujet.<br><br><strong>3.- Quelles sont les principales finalit\u00e9s du traitement de vos donn\u00e9es ?<\/strong><br><br>Les donn\u00e9es personnelles fournies et collect\u00e9es, que ce soit via les formulaires disponibles sur le Site ou par l\u2019envoi d\u2019e-mails, seront utilis\u00e9es dans les buts suivants\u00a0: analyser votre demande et y r\u00e9pondre efficacement, vous contacter afin de fournir une r\u00e9ponse \u00e0 votre requ\u00eate, vous envoyer les informations demand\u00e9es, y compris celles relatives au traitement de votre curriculum vitae dans le cadre des processus de s\u00e9lection en cours ou futurs.<br><br><strong>4.- Quelle est la base l\u00e9gale du traitement de vos donn\u00e9es ?<\/strong><br><br>Lorsque vous envoyez un formulaire ou un courrier \u00e9lectronique, vous donnez votre consentement explicite au traitement de vos donn\u00e9es personnelles dans le cadre de cette demande sp\u00e9cifique.<br><br><strong>5.- Combien de temps conserverons-nous vos donn\u00e9es ?<\/strong><br><br>Les donn\u00e9es collect\u00e9es seront conserv\u00e9es pendant la dur\u00e9e n\u00e9cessaire pour r\u00e9pondre \u00e0 votre demande. Elles pourront \u00e9galement \u00eatre conserv\u00e9es au-del\u00e0 de ce d\u00e9lai si cela s\u2019av\u00e8re n\u00e9cessaire pour formuler, exercer ou d\u00e9fendre d\u2019\u00e9ventuelles r\u00e9clamations, ainsi que pour respecter les obligations l\u00e9gales et contractuelles applicables, tout en restant d\u00fbment bloqu\u00e9es.<br><br>Dans le cas des curriculums vitae re\u00e7us, ils seront conserv\u00e9s pendant une p\u00e9riode d\u2019un an \u00e0 compter de leur enregistrement. Une fois ce d\u00e9lai expir\u00e9, ils seront supprim\u00e9s.<br><br><strong>6.- Qui peut \u00eatre destinataire de la communication des donn\u00e9es ?<\/strong><br><br>Selon les finalit\u00e9s pour lesquelles les donn\u00e9es personnelles sont collect\u00e9es, les destinataires des informations peuvent \u00eatre, sans distinction :<br><ul>\r\n \t<li>le personnel autoris\u00e9 de l\u2019Entreprise ou ses repr\u00e9sentants agissant en son nom, soumis aux lois applicables en mati\u00e8re de protection des donn\u00e9es.<\/li>\r\n \t<li>les autorit\u00e9s r\u00e9glementaires ou d&rsquo;autres tiers conform\u00e9ment aux lois en vigueur.<\/li>\r\n \t<li>des tiers (fournisseurs de services) qui traitent des informations en tant que sous-traitants, sous les instructions de l\u2019Entreprise. Cela se fera uniquement apr\u00e8s avoir pris les mesures n\u00e9cessaires garantissant la l\u00e9galit\u00e9 du partage des informations et apr\u00e8s avoir sign\u00e9 un contrat de traitement des donn\u00e9es, en conformit\u00e9 avec la r\u00e9glementation applicable en mati\u00e8re de protection des donn\u00e9es.<\/li>\r\n<\/ul><br>Nous traitons vos donn\u00e9es au sein de l\u2019Espace \u00c9conomique Europ\u00e9en (EEE) et, en r\u00e8gle g\u00e9n\u00e9rale, nous travaillons avec des prestataires de services situ\u00e9s dans l\u2019EEE ou dans des pays ayant \u00e9t\u00e9 d\u00e9clar\u00e9s offrant un niveau de protection ad\u00e9quat.<br><br>Si nous devions avoir recours \u00e0 des prestataires situ\u00e9s hors de l\u2019EEE ou dans des pays n\u2019ayant pas \u00e9t\u00e9 d\u00e9clar\u00e9s ad\u00e9quats en mati\u00e8re de protection des donn\u00e9es, nous prendrions toutes les mesures n\u00e9cessaires pour garantir la s\u00e9curit\u00e9 et la l\u00e9gitimit\u00e9 du traitement de vos donn\u00e9es.<br><br>\u00c0 cette fin, nous exigeons de ces prestataires des garanties appropri\u00e9es conform\u00e9ment aux dispositions du RGPD afin qu\u2019ils disposent, par exemple, des r\u00e8gles d\u2019entreprise contraignants garantissant un niveau de protection conforme aux standards europ\u00e9ens ou qui souscrivent aux clauses types de l\u2019Union Europ\u00e9enne.<br><br>Nous ne vendrons ni ne divulguerons \u00e0 des tiers aucune information ou donn\u00e9e personnelle que vous nous auriez fournie sur notre site et qui pourrait vous identifier, directement ou indirectement.<br><br><strong>7.- Quels sont vos droits lorsque vous nous fournissez vos donn\u00e9es ?<\/strong><br><ul>\r\n \t<li>le droit d\u2019acc\u00e8s \u00e0 vos donn\u00e9es personnelles : vous pouvez demander \u00e0 l\u2019Entreprise si elle traite vos donn\u00e9es et, le cas \u00e9ch\u00e9ant, y acc\u00e9der.<\/li>\r\n \t<li>le droit de rectification : si vos donn\u00e9es sont inexactes ou incompl\u00e8tes, vous pouvez demander leur correction.<\/li>\r\n \t<li>le droit \u00e0 l\u2019effacement de vos donn\u00e9es personnelles.<\/li>\r\n \t<li>le droit \u00e0 la limitation du traitement : dans ce cas, vos donn\u00e9es ne seront conserv\u00e9es que pour l\u2019exercice ou la d\u00e9fense de r\u00e9clamations.<\/li>\r\n \t<li>le droit d\u2019opposition au traitement : l\u2019Entreprise cessera de traiter vos donn\u00e9es personnelles, sauf si elle doit les conserver pour des motifs l\u00e9gitimes ou pour l\u2019exercice ou la d\u00e9fense de r\u00e9clamations \u00e9ventuelles.<\/li>\r\n \t<li>le droit \u00e0 la portabilit\u00e9 des donn\u00e9es : si vous souhaitez que vos donn\u00e9es soient transmises \u00e0 un autre responsable du traitement, l\u2019Entreprise facilitera leur transfert.<\/li>\r\n \t<li>le droit de ne pas faire l\u2019objet d\u2019une d\u00e9cision fond\u00e9e uniquement sur un traitement automatis\u00e9 de vos donn\u00e9es personnelles.<\/li>\r\n<\/ul><br>Si vous avez donn\u00e9 votre consentement pour un traitement sp\u00e9cifique, vous pouvez le retirer \u00e0 tout moment, sans que cela n\u2019affecte la lic\u00e9it\u00e9 du traitement bas\u00e9 sur le consentement avant son retrait.<br><br>Pour exercer vos droits, veuillez nous envoyer une demande \u00e9crite \u00e0 TOFI PROJECTS, S.L.P. Carretera Girona n\u00ba18, 17220 Sant Feliu de Gu\u00edxols, <strong>e-mail<\/strong> : <a href=\"mailto:hola@adrprojects.cat\">hola@adrprojects.cat<\/a>. Si vous avez des doutes par rapport \u00e0 votre identit\u00e9, nous pourrions vous demander une copie de votre pi\u00e8ce d\u2019identit\u00e9 ou tout autre document valide attestant de votre identit\u00e9. Vous pouvez \u00e9galement utiliser les mod\u00e8les et formulaires disponibles aupr\u00e8s de l\u2019Agence Espagnole de Protection des Donn\u00e9es : <a href=\"https:\/\/www.aepd.es\/reglamento\/derechos\/index.html\">https:\/\/www.aepd.es\/reglamento\/derechos\/index.html<\/a><br><br>En cas de r\u00e9clamation, vous avez le droit de la pr\u00e9senter aupr\u00e8s de l&rsquo;Autorit\u00e9 de Contr\u00f4le, en l\u2019occurrence l\u2019Agence Espagnole de Protection des Donn\u00e9es :<br><a href=\"https:\/\/sedeagpd.gob.es\/sede-electronica-web\/vistas\/formNuevaReclamacion\/reclamacion.jsf\">https:\/\/sedeagpd.gob.es\/sede-electronica-web\/vistas\/formNuevaReclamacion\/reclamacion.jsf<\/a>, ainsi qu&rsquo;aupr\u00e8s des organismes publics comp\u00e9tents.<br><br><strong>8.- Comment prot\u00e9geons-nous vos donn\u00e9es personnelles ?<\/strong><br><br>Afin de garantir la s\u00e9curit\u00e9 des informations, l\u2019Entreprise met en \u0153uvre diverses mesures techniques et organisationnelles pour assurer un niveau de s\u00e9curit\u00e9 ad\u00e9quat, conform\u00e9ment \u00e0 la r\u00e9glementation en vigueur. Ces mesures sont appliqu\u00e9es lors de la conception du syst\u00e8me de traitement des donn\u00e9es et tout au long de leur traitement, afin de pr\u00e9server leur s\u00e9curit\u00e9 et d\u2019emp\u00eacher tout acc\u00e8s ou traitement non autoris\u00e9. Toutefois, bien que l\u2019Entreprise prenne toutes les pr\u00e9cautions n\u00e9cessaires, il est important de noter que les mesures de s\u00e9curit\u00e9 sur Internet ne sont pas inexpugnables. L\u2019Entreprise ne pourra \u00eatre tenue responsable des actions de tiers qui, en contournant ces mesures, acc\u00e9deraient ill\u00e9galement aux donn\u00e9es et informations concern\u00e9es.<br><br><strong>9.- Confidentialit\u00e9<\/strong><br><br>Les professionnels travaillant au sein de l\u2019Entreprise et impliqu\u00e9s dans les services fournis \u00e0 l\u2019utilisateur s\u2019engagent \u00e0 ne pas divulguer ni utiliser les informations auxquelles ils ont acc\u00e8s. Les donn\u00e9es fournies par l\u2019utilisateur seront toujours consid\u00e9r\u00e9es comme confidentielles et ne pourront \u00eatre utilis\u00e9es \u00e0 d\u2019autres fins que celles li\u00e9es \u00e0 la gestion de sa demande et aux services contract\u00e9s aupr\u00e8s de l\u2019Entreprise. En ce sens, nous nous engageons \u00e0 ne pas divulguer ou relever d\u2019informations sur les r\u00e9clamations de l\u2019utilisateur, les raisons des conseils demand\u00e9s ou la dur\u00e9e de sa relation l\u2019utilisateur et l\u2019Entreprise<br><br><strong>10.- Liens<\/strong><br><br>Le Site peut contenir des liens vers d\u2019autres sites. Veuillez noter que nous ne sommes pas responsables de la confidentialit\u00e9 ni du traitement des donn\u00e9es de ces sites tiers. Cette politique de confidentialit\u00e9 s\u2019applique exclusivement aux informations collect\u00e9es sur notre propre site. Nous vous recommandons vivement de lire attentivement les politiques de confidentialit\u00e9 et les pratiques de traitement des donn\u00e9es des autres sites vers lesquels vous pourriez \u00eatre redirig\u00e9 depuis notre site ou que vous pourriez visiter d\u2019une autre mani\u00e8re.<br><br><strong>11.- R\u00e9seaux sociaux<\/strong><br><br><strong>ADR Projects<\/strong> est pr\u00e9sent sur certaines des principaux r\u00e9seaux sociaux et agit en tant que responsable du traitement des donn\u00e9es publi\u00e9es par l\u2019Entreprise.<br><br><strong>ADR Projects<\/strong> traitera les donn\u00e9es conform\u00e9ment aux r\u00e8gles \u00e9tablies par chaque r\u00e9seau social. Ainsi, sauf indication contraire de la part de l\u2019Entreprise, nous pourrons informer nos abonn\u00e9s sur le r\u00e9seau social concern\u00e9 de nos activit\u00e9s, \u00e9v\u00e9nements et autres sujets li\u00e9s \u00e0 notre activit\u00e9, y compris l\u2019interaction avec nos abonn\u00e9s via les canaux que la plateforme sociale met \u00e0 disposition.<br><br><strong>ADR Projects<\/strong> ne collectera pas de donn\u00e9es personnelles \u00e0 partir des r\u00e9seaux sociaux, sauf si l\u2019utilisateur donne son consentement explicite.<br><br><strong>12.- Modifications et int\u00e9grit\u00e9 de notre politique de confidentialit\u00e9<\/strong><br><br>Nous n\u2019utiliserons vos donn\u00e9es personnelles que conform\u00e9ment \u00e0 la politique de confidentialit\u00e9 en vigueur au moment de leur collecte. L\u2019Entreprise se r\u00e9serve le droit de modifier cette politique de confidentialit\u00e9 \u00e0 tout moment en publiant ces modifications sur le Site. Par cons\u00e9quent, nous vous recommandons de consulter r\u00e9guli\u00e8rement cette politique chaque fois que vous acc\u00e9dez \u00e0 notre site. Si, \u00e0 un moment donn\u00e9, nous d\u00e9cidons d\u2019utiliser vos donn\u00e9es personnelles d\u2019une mani\u00e8re diff\u00e9rente de celle indiqu\u00e9e au moment de leur collecte, nous vous en informerons par e-mail, sous r\u00e9serve que nous disposions de votre adresse \u00e9lectronique. Vous aurez alors la possibilit\u00e9 d\u2019autoriser ou de refuser ces nouveaux usages ou divulgations des donn\u00e9es personnelles que vous nous aviez fournies avant la modification de notre politique de confidentialit\u00e9. Si une quelconque clause de la pr\u00e9sente politique de confidentialit\u00e9 est annul\u00e9e ou jug\u00e9e invalide, le reste des dispositions demeurera pleinement en vigueur, conform\u00e9ment \u00e0 la r\u00e9glementation applicable en vigueur.\t\t\t\t\t\t\t\t<\/div>\n\t\t\t\t<\/div>\n\t\t\t\t\t<\/div>\n\t\t\t\t<\/div>\n\t\t\t\t<\/div>\n\t\t","protected":false},"excerpt":{"rendered":"<p>Politique de confidentialit\u00e9 L&rsquo;acc\u00e8s et l&rsquo;utilisation du site https:\/\/adrprojects.cat\/ (ci-apr\u00e8s, le \u00ab\u00a0Site\u00a0\u00bb) attribuent la condition d&rsquo;utilisateur au visiteur et impliquent l&rsquo;acceptation pleine et sans r\u00e9serve des conditions d&rsquo;utilisation en vigueur \u00e0 chaque instant. TOFI PROJECTS, S.L.P (ci-apr\u00e8s \u00ab\u00a0ADR Projects\u00a0\u00bb ou \u00ab\u00a0l&rsquo;Entreprise\u00a0\u00bb) s&rsquo;engage \u00e0 traiter vos donn\u00e9es conform\u00e9ment \u00e0 la r\u00e9glementation applicable et en vigueur en [&hellip;]<\/p>\n","protected":false},"author":1,"featured_media":0,"parent":0,"menu_order":0,"comment_status":"closed","ping_status":"closed","template":"","meta":{"_acf_changed":false,"footnotes":""},"class_list":["post-10298","page","type-page","status-publish","hentry"],"acf":[],"yoast_head":"<!-- This site is optimized with the Yoast SEO plugin v27.4 - https:\/\/yoast.com\/product\/yoast-seo-wordpress\/ -->\n<title>Politique de confidentialit\u00e9 - ADR Projects<\/title>\n<meta name=\"robots\" content=\"index, follow, max-snippet:-1, max-image-preview:large, max-video-preview:-1\" \/>\n<link rel=\"canonical\" href=\"https:\/\/adrprojects.com\/fr\/politique-de-confidentialite\/\" \/>\n<meta property=\"og:locale\" content=\"fr_FR\" \/>\n<meta property=\"og:type\" content=\"article\" \/>\n<meta property=\"og:title\" content=\"Politique de confidentialit\u00e9 - ADR Projects\" \/>\n<meta property=\"og:description\" content=\"Politique de confidentialit\u00e9 L&rsquo;acc\u00e8s et l&rsquo;utilisation du site https:\/\/adrprojects.cat\/ (ci-apr\u00e8s, le \u00ab\u00a0Site\u00a0\u00bb) attribuent la condition d&rsquo;utilisateur au visiteur et impliquent l&rsquo;acceptation pleine et sans r\u00e9serve des conditions d&rsquo;utilisation en vigueur \u00e0 chaque instant. TOFI PROJECTS, S.L.P (ci-apr\u00e8s \u00ab\u00a0ADR Projects\u00a0\u00bb ou \u00ab\u00a0l&rsquo;Entreprise\u00a0\u00bb) s&rsquo;engage \u00e0 traiter vos donn\u00e9es conform\u00e9ment \u00e0 la r\u00e9glementation applicable et en vigueur en [&hellip;]\" \/>\n<meta property=\"og:url\" content=\"https:\/\/adrprojects.com\/fr\/politique-de-confidentialite\/\" \/>\n<meta property=\"og:site_name\" content=\"ADR Projects\" \/>\n<meta property=\"article:modified_time\" content=\"2025-05-30T11:16:49+00:00\" \/>\n<meta name=\"twitter:card\" content=\"summary_large_image\" \/>\n<meta name=\"twitter:label1\" content=\"Dur\u00e9e de lecture estim\u00e9e\" \/>\n\t<meta name=\"twitter:data1\" content=\"10 minutes\" \/>\n<script type=\"application\/ld+json\" class=\"yoast-schema-graph\">{\"@context\":\"https:\\\/\\\/schema.org\",\"@graph\":[{\"@type\":\"WebPage\",\"@id\":\"https:\\\/\\\/adrprojects.com\\\/fr\\\/politique-de-confidentialite\\\/\",\"url\":\"https:\\\/\\\/adrprojects.com\\\/fr\\\/politique-de-confidentialite\\\/\",\"name\":\"Politique de confidentialit\u00e9 - ADR Projects\",\"isPartOf\":{\"@id\":\"https:\\\/\\\/adrprojects.com\\\/fr\\\/#website\"},\"datePublished\":\"2024-09-19T15:42:00+00:00\",\"dateModified\":\"2025-05-30T11:16:49+00:00\",\"breadcrumb\":{\"@id\":\"https:\\\/\\\/adrprojects.com\\\/fr\\\/politique-de-confidentialite\\\/#breadcrumb\"},\"inLanguage\":\"fr-FR\",\"potentialAction\":[{\"@type\":\"ReadAction\",\"target\":[\"https:\\\/\\\/adrprojects.com\\\/fr\\\/politique-de-confidentialite\\\/\"]}]},{\"@type\":\"BreadcrumbList\",\"@id\":\"https:\\\/\\\/adrprojects.com\\\/fr\\\/politique-de-confidentialite\\\/#breadcrumb\",\"itemListElement\":[{\"@type\":\"ListItem\",\"position\":1,\"name\":\"Inicio\",\"item\":\"https:\\\/\\\/adrprojects.com\\\/fr\\\/\"},{\"@type\":\"ListItem\",\"position\":2,\"name\":\"Politique de confidentialit\u00e9\"}]},{\"@type\":\"WebSite\",\"@id\":\"https:\\\/\\\/adrprojects.com\\\/fr\\\/#website\",\"url\":\"https:\\\/\\\/adrprojects.com\\\/fr\\\/\",\"name\":\"ADR Projects\",\"description\":\"Creamos espacios para una vida con pasi\u00f3n, libertad y comodidad.\",\"publisher\":{\"@id\":\"https:\\\/\\\/adrprojects.com\\\/fr\\\/#organization\"},\"alternateName\":\"Organic Cotton Colours\",\"potentialAction\":[{\"@type\":\"SearchAction\",\"target\":{\"@type\":\"EntryPoint\",\"urlTemplate\":\"https:\\\/\\\/adrprojects.com\\\/fr\\\/?s={search_term_string}\"},\"query-input\":{\"@type\":\"PropertyValueSpecification\",\"valueRequired\":true,\"valueName\":\"search_term_string\"}}],\"inLanguage\":\"fr-FR\"},{\"@type\":\"Organization\",\"@id\":\"https:\\\/\\\/adrprojects.com\\\/fr\\\/#organization\",\"name\":\"ADR Projects\",\"url\":\"https:\\\/\\\/adrprojects.com\\\/fr\\\/\",\"logo\":{\"@type\":\"ImageObject\",\"inLanguage\":\"fr-FR\",\"@id\":\"https:\\\/\\\/adrprojects.com\\\/fr\\\/#\\\/schema\\\/logo\\\/image\\\/\",\"url\":\"https:\\\/\\\/adrprojects.com\\\/wp-content\\\/uploads\\\/2023\\\/12\\\/favicon-negre.svg\",\"contentUrl\":\"https:\\\/\\\/adrprojects.com\\\/wp-content\\\/uploads\\\/2023\\\/12\\\/favicon-negre.svg\",\"width\":124,\"height\":124,\"caption\":\"ADR Projects\"},\"image\":{\"@id\":\"https:\\\/\\\/adrprojects.com\\\/fr\\\/#\\\/schema\\\/logo\\\/image\\\/\"},\"sameAs\":[\"https:\\\/\\\/www.instagram.com\\\/adrprojects\\\/\",\"https:\\\/\\\/www.linkedin.com\\\/in\\\/adr-projects-b8a4951a6\\\/\"]}]}<\/script>\n<!-- \/ Yoast SEO plugin. -->","yoast_head_json":{"title":"Politique de confidentialit\u00e9 - ADR Projects","robots":{"index":"index","follow":"follow","max-snippet":"max-snippet:-1","max-image-preview":"max-image-preview:large","max-video-preview":"max-video-preview:-1"},"canonical":"https:\/\/adrprojects.com\/fr\/politique-de-confidentialite\/","og_locale":"fr_FR","og_type":"article","og_title":"Politique de confidentialit\u00e9 - ADR Projects","og_description":"Politique de confidentialit\u00e9 L&rsquo;acc\u00e8s et l&rsquo;utilisation du site https:\/\/adrprojects.cat\/ (ci-apr\u00e8s, le \u00ab\u00a0Site\u00a0\u00bb) attribuent la condition d&rsquo;utilisateur au visiteur et impliquent l&rsquo;acceptation pleine et sans r\u00e9serve des conditions d&rsquo;utilisation en vigueur \u00e0 chaque instant. TOFI PROJECTS, S.L.P (ci-apr\u00e8s \u00ab\u00a0ADR Projects\u00a0\u00bb ou \u00ab\u00a0l&rsquo;Entreprise\u00a0\u00bb) s&rsquo;engage \u00e0 traiter vos donn\u00e9es conform\u00e9ment \u00e0 la r\u00e9glementation applicable et en vigueur en [&hellip;]","og_url":"https:\/\/adrprojects.com\/fr\/politique-de-confidentialite\/","og_site_name":"ADR Projects","article_modified_time":"2025-05-30T11:16:49+00:00","twitter_card":"summary_large_image","twitter_misc":{"Dur\u00e9e de lecture estim\u00e9e":"10 minutes"},"schema":{"@context":"https:\/\/schema.org","@graph":[{"@type":"WebPage","@id":"https:\/\/adrprojects.com\/fr\/politique-de-confidentialite\/","url":"https:\/\/adrprojects.com\/fr\/politique-de-confidentialite\/","name":"Politique de confidentialit\u00e9 - ADR Projects","isPartOf":{"@id":"https:\/\/adrprojects.com\/fr\/#website"},"datePublished":"2024-09-19T15:42:00+00:00","dateModified":"2025-05-30T11:16:49+00:00","breadcrumb":{"@id":"https:\/\/adrprojects.com\/fr\/politique-de-confidentialite\/#breadcrumb"},"inLanguage":"fr-FR","potentialAction":[{"@type":"ReadAction","target":["https:\/\/adrprojects.com\/fr\/politique-de-confidentialite\/"]}]},{"@type":"BreadcrumbList","@id":"https:\/\/adrprojects.com\/fr\/politique-de-confidentialite\/#breadcrumb","itemListElement":[{"@type":"ListItem","position":1,"name":"Inicio","item":"https:\/\/adrprojects.com\/fr\/"},{"@type":"ListItem","position":2,"name":"Politique de confidentialit\u00e9"}]},{"@type":"WebSite","@id":"https:\/\/adrprojects.com\/fr\/#website","url":"https:\/\/adrprojects.com\/fr\/","name":"ADR Projects","description":"Creamos espacios para una vida con pasi\u00f3n, libertad y comodidad.","publisher":{"@id":"https:\/\/adrprojects.com\/fr\/#organization"},"alternateName":"Organic Cotton Colours","potentialAction":[{"@type":"SearchAction","target":{"@type":"EntryPoint","urlTemplate":"https:\/\/adrprojects.com\/fr\/?s={search_term_string}"},"query-input":{"@type":"PropertyValueSpecification","valueRequired":true,"valueName":"search_term_string"}}],"inLanguage":"fr-FR"},{"@type":"Organization","@id":"https:\/\/adrprojects.com\/fr\/#organization","name":"ADR Projects","url":"https:\/\/adrprojects.com\/fr\/","logo":{"@type":"ImageObject","inLanguage":"fr-FR","@id":"https:\/\/adrprojects.com\/fr\/#\/schema\/logo\/image\/","url":"https:\/\/adrprojects.com\/wp-content\/uploads\/2023\/12\/favicon-negre.svg","contentUrl":"https:\/\/adrprojects.com\/wp-content\/uploads\/2023\/12\/favicon-negre.svg","width":124,"height":124,"caption":"ADR Projects"},"image":{"@id":"https:\/\/adrprojects.com\/fr\/#\/schema\/logo\/image\/"},"sameAs":["https:\/\/www.instagram.com\/adrprojects\/","https:\/\/www.linkedin.com\/in\/adr-projects-b8a4951a6\/"]}]}},"_links":{"self":[{"href":"https:\/\/adrprojects.com\/fr\/wp-json\/wp\/v2\/pages\/10298","targetHints":{"allow":["GET"]}}],"collection":[{"href":"https:\/\/adrprojects.com\/fr\/wp-json\/wp\/v2\/pages"}],"about":[{"href":"https:\/\/adrprojects.com\/fr\/wp-json\/wp\/v2\/types\/page"}],"author":[{"embeddable":true,"href":"https:\/\/adrprojects.com\/fr\/wp-json\/wp\/v2\/users\/1"}],"replies":[{"embeddable":true,"href":"https:\/\/adrprojects.com\/fr\/wp-json\/wp\/v2\/comments?post=10298"}],"version-history":[{"count":1,"href":"https:\/\/adrprojects.com\/fr\/wp-json\/wp\/v2\/pages\/10298\/revisions"}],"predecessor-version":[{"id":10299,"href":"https:\/\/adrprojects.com\/fr\/wp-json\/wp\/v2\/pages\/10298\/revisions\/10299"}],"wp:attachment":[{"href":"https:\/\/adrprojects.com\/fr\/wp-json\/wp\/v2\/media?parent=10298"}],"curies":[{"name":"wp","href":"https:\/\/api.w.org\/{rel}","templated":true}]}}