{"id":10296,"date":"2024-08-22T22:43:36","date_gmt":"2024-08-22T20:43:36","guid":{"rendered":"https:\/\/adrprojects.com\/blog\/"},"modified":"2025-05-30T13:14:32","modified_gmt":"2025-05-30T11:14:32","slug":"blog","status":"publish","type":"page","link":"https:\/\/adrprojects.com\/fr\/blog\/","title":{"rendered":"Blog"},"content":{"rendered":"\t\t<div data-elementor-type=\"wp-page\" data-elementor-id=\"10296\" class=\"elementor elementor-10296 elementor-7286\" data-elementor-post-type=\"page\">\n\t\t\t\t<div class=\"elementor-element elementor-element-79c9f2d0 e-flex e-con-boxed e-con e-parent\" data-id=\"79c9f2d0\" data-element_type=\"container\" data-e-type=\"container\">\n\t\t\t\t\t<div class=\"e-con-inner\">\n\t\t\t\t<div class=\"elementor-element elementor-element-24eeedbb elementor-widget__width-initial elementor-widget elementor-widget-heading\" data-id=\"24eeedbb\" data-element_type=\"widget\" data-e-type=\"widget\" data-widget_type=\"heading.default\">\n\t\t\t\t<div class=\"elementor-widget-container\">\n\t\t\t\t\t<h1 class=\"elementor-heading-title elementor-size-default\">Blog<\/h1>\t\t\t\t<\/div>\n\t\t\t\t<\/div>\n\t\t\t\t<div class=\"elementor-element elementor-element-58b16c7d elementor-widget__width-initial elementor-widget elementor-widget-heading\" data-id=\"58b16c7d\" data-element_type=\"widget\" data-e-type=\"widget\" data-widget_type=\"heading.default\">\n\t\t\t\t<div class=\"elementor-widget-container\">\n\t\t\t\t\t<h2 class=\"elementor-heading-title elementor-size-default\">\u00c0 l\u2019int\u00e9rieur et \u00e0 l\u2019ext\u00e9rieur d\u2019ADR : Architecture et vie au-del\u00e0 des plans.<\/h2>\t\t\t\t<\/div>\n\t\t\t\t<\/div>\n\t\t\t\t\t<\/div>\n\t\t\t\t<\/div>\n\t\t<div class=\"elementor-element elementor-element-752e8bf5 e-flex e-con-boxed e-con e-parent\" data-id=\"752e8bf5\" data-element_type=\"container\" data-e-type=\"container\">\n\t\t\t\t\t<div class=\"e-con-inner\">\n\t\t\t\t<div class=\"elementor-element elementor-element-6f66c332 elementor-grid-3 elementor-grid-tablet-2 elementor-grid-mobile-1 elementor-posts--thumbnail-top elementor-widget elementor-widget-posts\" data-id=\"6f66c332\" data-element_type=\"widget\" data-e-type=\"widget\" data-settings=\"{&quot;pagination_type&quot;:&quot;numbers_and_prev_next&quot;,&quot;classic_row_gap_mobile&quot;:{&quot;unit&quot;:&quot;px&quot;,&quot;size&quot;:80,&quot;sizes&quot;:[]},&quot;classic_columns&quot;:&quot;3&quot;,&quot;classic_columns_tablet&quot;:&quot;2&quot;,&quot;classic_columns_mobile&quot;:&quot;1&quot;,&quot;classic_row_gap&quot;:{&quot;unit&quot;:&quot;px&quot;,&quot;size&quot;:35,&quot;sizes&quot;:[]},&quot;classic_row_gap_tablet&quot;:{&quot;unit&quot;:&quot;px&quot;,&quot;size&quot;:&quot;&quot;,&quot;sizes&quot;:[]}}\" data-widget_type=\"posts.classic\">\n\t\t\t\t<div class=\"elementor-widget-container\">\n\t\t\t\t\t\t\t<div class=\"elementor-posts-container elementor-posts elementor-posts--skin-classic elementor-grid\" role=\"list\">\n\t\t\t\t<article class=\"elementor-post elementor-grid-item post-10391 post type-post status-publish format-standard has-post-thumbnail hentry category-non-categorise\" role=\"listitem\">\n\t\t\t\t<a class=\"elementor-post__thumbnail__link\" href=\"https:\/\/adrprojects.com\/fr\/comprendre-vos-besoins-et-desirs-premier-pas-vers-votre-maison-ideale\/\" tabindex=\"-1\" >\n\t\t\t<div class=\"elementor-post__thumbnail\"><img fetchpriority=\"high\" decoding=\"async\" width=\"2560\" height=\"1148\" src=\"https:\/\/adrprojects.com\/wp-content\/uploads\/2024\/05\/blog-01-1-scaled.webp\" class=\"attachment-full size-full wp-image-10393\" alt=\"\" srcset=\"https:\/\/adrprojects.com\/wp-content\/uploads\/2024\/05\/blog-01-1-scaled.webp 2560w, https:\/\/adrprojects.com\/wp-content\/uploads\/2024\/05\/blog-01-1-300x135.webp 300w, https:\/\/adrprojects.com\/wp-content\/uploads\/2024\/05\/blog-01-1-1024x459.webp 1024w, https:\/\/adrprojects.com\/wp-content\/uploads\/2024\/05\/blog-01-1-768x344.webp 768w, https:\/\/adrprojects.com\/wp-content\/uploads\/2024\/05\/blog-01-1-1536x689.webp 1536w, https:\/\/adrprojects.com\/wp-content\/uploads\/2024\/05\/blog-01-1-2048x918.webp 2048w\" sizes=\"(max-width: 2560px) 100vw, 2560px\" \/><\/div>\n\t\t<\/a>\n\t\t\t\t<div class=\"elementor-post__text\">\n\t\t\t\t<h3 class=\"elementor-post__title\">\n\t\t\t<a href=\"https:\/\/adrprojects.com\/fr\/comprendre-vos-besoins-et-desirs-premier-pas-vers-votre-maison-ideale\/\" >\n\t\t\t\tComprendre vos besoins et d\u00e9sirs : premier pas vers votre maison id\u00e9ale\t\t\t<\/a>\n\t\t<\/h3>\n\t\t\t\t<div class=\"elementor-post__excerpt\">\n\t\t\t<p>Chez ADR Projects, nous croyons que la premi\u00e8re \u00e9tape pour concevoir votre maison id\u00e9ale est de comprendre vos besoins et vos d\u00e9sirs. Souvent, les clients ne r\u00e9alisent pas l\u2019importance de r\u00e9fl\u00e9chir \u00e0 leur style de vie et \u00e0 leurs priorit\u00e9s avant de lancer un projet de construction ou de r\u00e9novation.<\/p>\n\t\t<\/div>\n\t\t\t\t\t<div class=\"elementor-post__read-more-wrapper\">\n\t\t\n\t\t<a class=\"elementor-post__read-more\" href=\"https:\/\/adrprojects.com\/fr\/comprendre-vos-besoins-et-desirs-premier-pas-vers-votre-maison-ideale\/\" aria-label=\"En savoir plus sur Comprendre vos besoins et d\u00e9sirs : premier pas vers votre maison id\u00e9ale\" tabindex=\"-1\" >\n\t\t\tEN SAVOIR PLUS\t\t<\/a>\n\n\t\t\t\t\t<\/div>\n\t\t\t\t<\/div>\n\t\t\t\t<\/article>\n\t\t\t\t<article class=\"elementor-post elementor-grid-item post-10395 post type-post status-publish format-standard has-post-thumbnail hentry category-non-categorise\" role=\"listitem\">\n\t\t\t\t<a class=\"elementor-post__thumbnail__link\" href=\"https:\/\/adrprojects.com\/fr\/transformations-despaces-avant-et-apres-une-renovation-integrale\/\" tabindex=\"-1\" >\n\t\t\t<div class=\"elementor-post__thumbnail\"><img decoding=\"async\" width=\"2560\" height=\"1148\" src=\"https:\/\/adrprojects.com\/wp-content\/uploads\/2024\/05\/blog-02-scaled.webp\" class=\"attachment-full size-full wp-image-10397\" alt=\"\" srcset=\"https:\/\/adrprojects.com\/wp-content\/uploads\/2024\/05\/blog-02-scaled.webp 2560w, https:\/\/adrprojects.com\/wp-content\/uploads\/2024\/05\/blog-02-300x135.webp 300w, https:\/\/adrprojects.com\/wp-content\/uploads\/2024\/05\/blog-02-1024x459.webp 1024w, https:\/\/adrprojects.com\/wp-content\/uploads\/2024\/05\/blog-02-768x344.webp 768w, https:\/\/adrprojects.com\/wp-content\/uploads\/2024\/05\/blog-02-1536x689.webp 1536w, https:\/\/adrprojects.com\/wp-content\/uploads\/2024\/05\/blog-02-2048x918.webp 2048w\" sizes=\"(max-width: 2560px) 100vw, 2560px\" \/><\/div>\n\t\t<\/a>\n\t\t\t\t<div class=\"elementor-post__text\">\n\t\t\t\t<h3 class=\"elementor-post__title\">\n\t\t\t<a href=\"https:\/\/adrprojects.com\/fr\/transformations-despaces-avant-et-apres-une-renovation-integrale\/\" >\n\t\t\t\tTransformations d\u2019espaces : avant et apr\u00e8s une r\u00e9novation int\u00e9grale\t\t\t<\/a>\n\t\t<\/h3>\n\t\t\t\t<div class=\"elementor-post__excerpt\">\n\t\t\t<p>Chez ADR Projects, nous croyons au pouvoir transformateur des r\u00e9novations int\u00e9grales. Gr\u00e2ce \u00e0 une approche m\u00e9ticuleuse et personnalis\u00e9e, nous sommes capables de convertir des espaces anciens ou mal con\u00e7us en maisons fonctionnelles et esth\u00e9tiquement impressionnantes.<\/p>\n\t\t<\/div>\n\t\t\t\t\t<div class=\"elementor-post__read-more-wrapper\">\n\t\t\n\t\t<a class=\"elementor-post__read-more\" href=\"https:\/\/adrprojects.com\/fr\/transformations-despaces-avant-et-apres-une-renovation-integrale\/\" aria-label=\"En savoir plus sur Transformations d\u2019espaces : avant et apr\u00e8s une r\u00e9novation int\u00e9grale\" tabindex=\"-1\" >\n\t\t\tEN SAVOIR PLUS\t\t<\/a>\n\n\t\t\t\t\t<\/div>\n\t\t\t\t<\/div>\n\t\t\t\t<\/article>\n\t\t\t\t<article class=\"elementor-post elementor-grid-item post-10621 post type-post status-publish format-standard has-post-thumbnail hentry category-non-categorise\" role=\"listitem\">\n\t\t\t\t<a class=\"elementor-post__thumbnail__link\" href=\"https:\/\/adrprojects.com\/fr\/de-limagination-a-la-realite-le-voyage-passionnant-vers-la-creation-de-votre-maison-ideale\/\" tabindex=\"-1\" >\n\t\t\t<div class=\"elementor-post__thumbnail\"><img decoding=\"async\" width=\"2560\" height=\"1148\" src=\"https:\/\/adrprojects.com\/wp-content\/uploads\/2024\/05\/blog-03-scaled.webp\" class=\"attachment-full size-full wp-image-10396\" alt=\"\" srcset=\"https:\/\/adrprojects.com\/wp-content\/uploads\/2024\/05\/blog-03-scaled.webp 2560w, https:\/\/adrprojects.com\/wp-content\/uploads\/2024\/05\/blog-03-300x135.webp 300w, https:\/\/adrprojects.com\/wp-content\/uploads\/2024\/05\/blog-03-1024x459.webp 1024w, https:\/\/adrprojects.com\/wp-content\/uploads\/2024\/05\/blog-03-768x344.webp 768w, https:\/\/adrprojects.com\/wp-content\/uploads\/2024\/05\/blog-03-1536x689.webp 1536w, https:\/\/adrprojects.com\/wp-content\/uploads\/2024\/05\/blog-03-2048x918.webp 2048w\" sizes=\"(max-width: 2560px) 100vw, 2560px\" \/><\/div>\n\t\t<\/a>\n\t\t\t\t<div class=\"elementor-post__text\">\n\t\t\t\t<h3 class=\"elementor-post__title\">\n\t\t\t<a href=\"https:\/\/adrprojects.com\/fr\/de-limagination-a-la-realite-le-voyage-passionnant-vers-la-creation-de-votre-maison-ideale\/\" >\n\t\t\t\tDe l&rsquo;imagination \u00e0 la r\u00e9alit\u00e9 : le voyage passionnant vers la cr\u00e9ation de votre maison id\u00e9ale\t\t\t<\/a>\n\t\t<\/h3>\n\t\t\t\t<div class=\"elementor-post__excerpt\">\n\t\t\t<p>Chaque nouvelle construction commence par un r\u00eave, une vision qui, avec d\u00e9vouement et cr\u00e9ativit\u00e9, se transforme en un espace plein de vie et de sens.<\/p>\n\t\t<\/div>\n\t\t\t\t\t<div class=\"elementor-post__read-more-wrapper\">\n\t\t\n\t\t<a class=\"elementor-post__read-more\" href=\"https:\/\/adrprojects.com\/fr\/de-limagination-a-la-realite-le-voyage-passionnant-vers-la-creation-de-votre-maison-ideale\/\" aria-label=\"En savoir plus sur De l&rsquo;imagination \u00e0 la r\u00e9alit\u00e9 : le voyage passionnant vers la cr\u00e9ation de votre maison id\u00e9ale\" tabindex=\"-1\" >\n\t\t\tEN SAVOIR PLUS\t\t<\/a>\n\n\t\t\t\t\t<\/div>\n\t\t\t\t<\/div>\n\t\t\t\t<\/article>\n\t\t\t\t<\/div>\n\t\t\n\t\t\t\t\t\t<\/div>\n\t\t\t\t<\/div>\n\t\t\t\t\t<\/div>\n\t\t\t\t<\/div>\n\t\t\t\t<\/div>\n\t\t","protected":false},"excerpt":{"rendered":"<p>Blog \u00c0 l\u2019int\u00e9rieur et \u00e0 l\u2019ext\u00e9rieur d\u2019ADR : Architecture et vie au-del\u00e0 des plans.<\/p>\n","protected":false},"author":1,"featured_media":0,"parent":0,"menu_order":0,"comment_status":"closed","ping_status":"closed","template":"","meta":{"_acf_changed":false,"footnotes":""},"class_list":["post-10296","page","type-page","status-publish","hentry"],"acf":[],"yoast_head":"<!-- This site is optimized with the Yoast SEO plugin v27.4 - https:\/\/yoast.com\/product\/yoast-seo-wordpress\/ -->\n<title>Blog - ADR Projects<\/title>\n<meta name=\"robots\" content=\"index, follow, max-snippet:-1, max-image-preview:large, max-video-preview:-1\" \/>\n<link rel=\"canonical\" href=\"https:\/\/adrprojects.com\/fr\/blog\/\" \/>\n<meta property=\"og:locale\" content=\"fr_FR\" \/>\n<meta property=\"og:type\" content=\"article\" \/>\n<meta property=\"og:title\" content=\"Blog - ADR Projects\" \/>\n<meta property=\"og:description\" content=\"Blog \u00c0 l\u2019int\u00e9rieur et \u00e0 l\u2019ext\u00e9rieur d\u2019ADR : Architecture et vie au-del\u00e0 des plans.\" \/>\n<meta property=\"og:url\" content=\"https:\/\/adrprojects.com\/fr\/blog\/\" \/>\n<meta property=\"og:site_name\" content=\"ADR Projects\" \/>\n<meta property=\"article:modified_time\" content=\"2025-05-30T11:14:32+00:00\" \/>\n<meta name=\"twitter:card\" content=\"summary_large_image\" \/>\n<script type=\"application\/ld+json\" class=\"yoast-schema-graph\">{\"@context\":\"https:\\\/\\\/schema.org\",\"@graph\":[{\"@type\":\"WebPage\",\"@id\":\"https:\\\/\\\/adrprojects.com\\\/fr\\\/blog\\\/\",\"url\":\"https:\\\/\\\/adrprojects.com\\\/fr\\\/blog\\\/\",\"name\":\"Blog - ADR Projects\",\"isPartOf\":{\"@id\":\"https:\\\/\\\/adrprojects.com\\\/fr\\\/#website\"},\"datePublished\":\"2024-08-22T20:43:36+00:00\",\"dateModified\":\"2025-05-30T11:14:32+00:00\",\"breadcrumb\":{\"@id\":\"https:\\\/\\\/adrprojects.com\\\/fr\\\/blog\\\/#breadcrumb\"},\"inLanguage\":\"fr-FR\",\"potentialAction\":[{\"@type\":\"ReadAction\",\"target\":[\"https:\\\/\\\/adrprojects.com\\\/fr\\\/blog\\\/\"]}]},{\"@type\":\"BreadcrumbList\",\"@id\":\"https:\\\/\\\/adrprojects.com\\\/fr\\\/blog\\\/#breadcrumb\",\"itemListElement\":[{\"@type\":\"ListItem\",\"position\":1,\"name\":\"Inicio\",\"item\":\"https:\\\/\\\/adrprojects.com\\\/fr\\\/\"},{\"@type\":\"ListItem\",\"position\":2,\"name\":\"Blog\"}]},{\"@type\":\"WebSite\",\"@id\":\"https:\\\/\\\/adrprojects.com\\\/fr\\\/#website\",\"url\":\"https:\\\/\\\/adrprojects.com\\\/fr\\\/\",\"name\":\"ADR Projects\",\"description\":\"Creamos espacios para una vida con pasi\u00f3n, libertad y comodidad.\",\"publisher\":{\"@id\":\"https:\\\/\\\/adrprojects.com\\\/fr\\\/#organization\"},\"alternateName\":\"Organic Cotton Colours\",\"potentialAction\":[{\"@type\":\"SearchAction\",\"target\":{\"@type\":\"EntryPoint\",\"urlTemplate\":\"https:\\\/\\\/adrprojects.com\\\/fr\\\/?s={search_term_string}\"},\"query-input\":{\"@type\":\"PropertyValueSpecification\",\"valueRequired\":true,\"valueName\":\"search_term_string\"}}],\"inLanguage\":\"fr-FR\"},{\"@type\":\"Organization\",\"@id\":\"https:\\\/\\\/adrprojects.com\\\/fr\\\/#organization\",\"name\":\"ADR Projects\",\"url\":\"https:\\\/\\\/adrprojects.com\\\/fr\\\/\",\"logo\":{\"@type\":\"ImageObject\",\"inLanguage\":\"fr-FR\",\"@id\":\"https:\\\/\\\/adrprojects.com\\\/fr\\\/#\\\/schema\\\/logo\\\/image\\\/\",\"url\":\"https:\\\/\\\/adrprojects.com\\\/wp-content\\\/uploads\\\/2023\\\/12\\\/favicon-negre.svg\",\"contentUrl\":\"https:\\\/\\\/adrprojects.com\\\/wp-content\\\/uploads\\\/2023\\\/12\\\/favicon-negre.svg\",\"width\":124,\"height\":124,\"caption\":\"ADR Projects\"},\"image\":{\"@id\":\"https:\\\/\\\/adrprojects.com\\\/fr\\\/#\\\/schema\\\/logo\\\/image\\\/\"},\"sameAs\":[\"https:\\\/\\\/www.instagram.com\\\/adrprojects\\\/\",\"https:\\\/\\\/www.linkedin.com\\\/in\\\/adr-projects-b8a4951a6\\\/\"]}]}<\/script>\n<!-- \/ Yoast SEO plugin. -->","yoast_head_json":{"title":"Blog - ADR Projects","robots":{"index":"index","follow":"follow","max-snippet":"max-snippet:-1","max-image-preview":"max-image-preview:large","max-video-preview":"max-video-preview:-1"},"canonical":"https:\/\/adrprojects.com\/fr\/blog\/","og_locale":"fr_FR","og_type":"article","og_title":"Blog - ADR Projects","og_description":"Blog \u00c0 l\u2019int\u00e9rieur et \u00e0 l\u2019ext\u00e9rieur d\u2019ADR : Architecture et vie au-del\u00e0 des plans.","og_url":"https:\/\/adrprojects.com\/fr\/blog\/","og_site_name":"ADR Projects","article_modified_time":"2025-05-30T11:14:32+00:00","twitter_card":"summary_large_image","schema":{"@context":"https:\/\/schema.org","@graph":[{"@type":"WebPage","@id":"https:\/\/adrprojects.com\/fr\/blog\/","url":"https:\/\/adrprojects.com\/fr\/blog\/","name":"Blog - ADR Projects","isPartOf":{"@id":"https:\/\/adrprojects.com\/fr\/#website"},"datePublished":"2024-08-22T20:43:36+00:00","dateModified":"2025-05-30T11:14:32+00:00","breadcrumb":{"@id":"https:\/\/adrprojects.com\/fr\/blog\/#breadcrumb"},"inLanguage":"fr-FR","potentialAction":[{"@type":"ReadAction","target":["https:\/\/adrprojects.com\/fr\/blog\/"]}]},{"@type":"BreadcrumbList","@id":"https:\/\/adrprojects.com\/fr\/blog\/#breadcrumb","itemListElement":[{"@type":"ListItem","position":1,"name":"Inicio","item":"https:\/\/adrprojects.com\/fr\/"},{"@type":"ListItem","position":2,"name":"Blog"}]},{"@type":"WebSite","@id":"https:\/\/adrprojects.com\/fr\/#website","url":"https:\/\/adrprojects.com\/fr\/","name":"ADR Projects","description":"Creamos espacios para una vida con pasi\u00f3n, libertad y comodidad.","publisher":{"@id":"https:\/\/adrprojects.com\/fr\/#organization"},"alternateName":"Organic Cotton Colours","potentialAction":[{"@type":"SearchAction","target":{"@type":"EntryPoint","urlTemplate":"https:\/\/adrprojects.com\/fr\/?s={search_term_string}"},"query-input":{"@type":"PropertyValueSpecification","valueRequired":true,"valueName":"search_term_string"}}],"inLanguage":"fr-FR"},{"@type":"Organization","@id":"https:\/\/adrprojects.com\/fr\/#organization","name":"ADR Projects","url":"https:\/\/adrprojects.com\/fr\/","logo":{"@type":"ImageObject","inLanguage":"fr-FR","@id":"https:\/\/adrprojects.com\/fr\/#\/schema\/logo\/image\/","url":"https:\/\/adrprojects.com\/wp-content\/uploads\/2023\/12\/favicon-negre.svg","contentUrl":"https:\/\/adrprojects.com\/wp-content\/uploads\/2023\/12\/favicon-negre.svg","width":124,"height":124,"caption":"ADR Projects"},"image":{"@id":"https:\/\/adrprojects.com\/fr\/#\/schema\/logo\/image\/"},"sameAs":["https:\/\/www.instagram.com\/adrprojects\/","https:\/\/www.linkedin.com\/in\/adr-projects-b8a4951a6\/"]}]}},"_links":{"self":[{"href":"https:\/\/adrprojects.com\/fr\/wp-json\/wp\/v2\/pages\/10296","targetHints":{"allow":["GET"]}}],"collection":[{"href":"https:\/\/adrprojects.com\/fr\/wp-json\/wp\/v2\/pages"}],"about":[{"href":"https:\/\/adrprojects.com\/fr\/wp-json\/wp\/v2\/types\/page"}],"author":[{"embeddable":true,"href":"https:\/\/adrprojects.com\/fr\/wp-json\/wp\/v2\/users\/1"}],"replies":[{"embeddable":true,"href":"https:\/\/adrprojects.com\/fr\/wp-json\/wp\/v2\/comments?post=10296"}],"version-history":[{"count":1,"href":"https:\/\/adrprojects.com\/fr\/wp-json\/wp\/v2\/pages\/10296\/revisions"}],"predecessor-version":[{"id":10297,"href":"https:\/\/adrprojects.com\/fr\/wp-json\/wp\/v2\/pages\/10296\/revisions\/10297"}],"wp:attachment":[{"href":"https:\/\/adrprojects.com\/fr\/wp-json\/wp\/v2\/media?parent=10296"}],"curies":[{"name":"wp","href":"https:\/\/api.w.org\/{rel}","templated":true}]}}