{"id":10290,"date":"2024-07-29T18:00:01","date_gmt":"2024-07-29T16:00:01","guid":{"rendered":"https:\/\/adrprojects.com\/contact\/"},"modified":"2025-12-03T09:32:39","modified_gmt":"2025-12-03T08:32:39","slug":"contact","status":"publish","type":"page","link":"https:\/\/adrprojects.com\/fr\/contact\/","title":{"rendered":"Contact"},"content":{"rendered":"\t\t<div data-elementor-type=\"wp-page\" data-elementor-id=\"10290\" class=\"elementor elementor-10290 elementor-6644\" data-elementor-post-type=\"page\">\n\t\t\t\t<div class=\"elementor-element elementor-element-3c0d6d1 e-flex e-con-boxed e-con e-parent\" data-id=\"3c0d6d1\" data-element_type=\"container\" data-e-type=\"container\">\n\t\t\t\t\t<div class=\"e-con-inner\">\n\t\t\t\t<div class=\"elementor-element elementor-element-8cfd08b elementor-widget__width-initial elementor-widget elementor-widget-heading\" data-id=\"8cfd08b\" data-element_type=\"widget\" data-e-type=\"widget\" data-widget_type=\"heading.default\">\n\t\t\t\t<div class=\"elementor-widget-container\">\n\t\t\t\t\t<h1 class=\"elementor-heading-title elementor-size-default\">Contact<\/h1>\t\t\t\t<\/div>\n\t\t\t\t<\/div>\n\t\t\t\t<div class=\"elementor-element elementor-element-6e0fb2b elementor-widget__width-initial elementor-widget elementor-widget-heading\" data-id=\"6e0fb2b\" data-element_type=\"widget\" data-e-type=\"widget\" data-widget_type=\"heading.default\">\n\t\t\t\t<div class=\"elementor-widget-container\">\n\t\t\t\t\t<h2 class=\"elementor-heading-title elementor-size-default\">Construisons des liens ensemble, parlez-nous de votre prochain projet<\/h2>\t\t\t\t<\/div>\n\t\t\t\t<\/div>\n\t\t\t\t\t<\/div>\n\t\t\t\t<\/div>\n\t\t<div class=\"elementor-element elementor-element-ba9ce95 e-flex e-con-boxed e-con e-parent\" data-id=\"ba9ce95\" data-element_type=\"container\" data-e-type=\"container\">\n\t\t\t\t\t<div class=\"e-con-inner\">\n\t\t\t\t<div class=\"elementor-element elementor-element-3636f76 elementor-widget__width-initial elementor-widget elementor-widget-text-editor\" data-id=\"3636f76\" data-element_type=\"widget\" data-e-type=\"widget\" data-widget_type=\"text-editor.default\">\n\t\t\t\t<div class=\"elementor-widget-container\">\n\t\t\t\t\t\t\t\t\t<p><a href=\"https:\/\/www.google.es\/maps\/place\/ADR+Projects+-+Arquitectura+Integral,+Interiorismo+y+Paisajismo+en+Girona\/@41.7831606,3.0243452,17z\/data=!3m2!4b1!5s0x12bb06a327d6d1e3:0xd8a3abee0203f968!4m6!3m5!1s0x12bb06a2d66904c3:0x27b4f2ee68f9ae7!8m2!3d41.7831566!4d3.0269201!16s%2Fg%2F11ggsmpm59?hl=es&amp;amp;entry=ttu\">Carretera de Girona, 18<br \/>17220 &#8211; Sant Feliu de Gu\u00edxols (Girona)<\/a><\/p>\n\t\t\t\t\t\t\t\t<\/div>\n\t\t\t\t<\/div>\n\t\t\t\t<div class=\"elementor-element elementor-element-448e697 elementor-icon-list--layout-traditional elementor-list-item-link-full_width elementor-widget elementor-widget-icon-list\" data-id=\"448e697\" data-element_type=\"widget\" data-e-type=\"widget\" data-widget_type=\"icon-list.default\">\n\t\t\t\t<div class=\"elementor-widget-container\">\n\t\t\t\t\t\t\t<ul class=\"elementor-icon-list-items\">\n\t\t\t\t\t\t\t<li class=\"elementor-icon-list-item\">\n\t\t\t\t\t\t\t\t\t\t\t<a href=\"tel:+34628086805\">\n\n\t\t\t\t\t\t\t\t\t\t\t<span class=\"elementor-icon-list-text\">T\u00e9l\u00e9phone d'Adri\u00e0 : +34 628 08 68 05<\/span>\n\t\t\t\t\t\t\t\t\t\t\t<\/a>\n\t\t\t\t\t\t\t\t\t<\/li>\n\t\t\t\t\t\t\t\t<li class=\"elementor-icon-list-item\">\n\t\t\t\t\t\t\t\t\t\t\t<a href=\"tel:+34669853855\">\n\n\t\t\t\t\t\t\t\t\t\t\t<span class=\"elementor-icon-list-text\">T\u00e9l\u00e9phone de David : +34 669 85 38 55<\/span>\n\t\t\t\t\t\t\t\t\t\t\t<\/a>\n\t\t\t\t\t\t\t\t\t<\/li>\n\t\t\t\t\t\t\t\t<li class=\"elementor-icon-list-item\">\n\t\t\t\t\t\t\t\t\t\t\t<a href=\"mailto:info@adrprojects.com\u2028\">\n\n\t\t\t\t\t\t\t\t\t\t\t<span class=\"elementor-icon-list-text\">E-mail :<\/span>\n\t\t\t\t\t\t\t\t\t\t\t<\/a>\n\t\t\t\t\t\t\t\t\t<\/li>\n\t\t\t\t\t\t<\/ul>\n\t\t\t\t\t\t<\/div>\n\t\t\t\t<\/div>\n\t\t\t\t\t<\/div>\n\t\t\t\t<\/div>\n\t\t<div class=\"elementor-element elementor-element-f45d73c e-flex e-con-boxed e-con e-parent\" data-id=\"f45d73c\" data-element_type=\"container\" data-e-type=\"container\" data-settings=\"{&quot;background_background&quot;:&quot;classic&quot;}\">\n\t\t\t\t\t<div class=\"e-con-inner\">\n\t\t\t\t\t<\/div>\n\t\t\t\t<\/div>\n\t\t<div class=\"elementor-element elementor-element-9663f9d e-flex e-con-boxed e-con e-parent\" data-id=\"9663f9d\" data-element_type=\"container\" data-e-type=\"container\">\n\t\t\t\t\t<div class=\"e-con-inner\">\n\t\t\t\t<div class=\"elementor-element elementor-element-1c957a2 elementor-widget elementor-widget-html\" data-id=\"1c957a2\" data-element_type=\"widget\" data-e-type=\"widget\" data-widget_type=\"html.default\">\n\t\t\t\t<div class=\"elementor-widget-container\">\n\t\t\t\t\t<script>\r\ndocument.addEventListener('DOMContentLoaded', function () {\r\n    \/\/ Find all forms with class name \"dd-ele-form\"\r\n    var forms = document.querySelectorAll('.dd-ele-form');\r\n\r\n    \/\/ Iterate through each form\r\n    forms.forEach(function (form) {\r\n        \/\/ Find all select fields with the required attribute within the form\r\n        var selects = form.querySelectorAll('select[required]');\r\n\r\n        \/\/ Iterate through each select field\r\n        selects.forEach(function (select) {\r\n            \/\/ Check if the first option has a blank value before disabling and hiding it\r\n            if (select.options.length > 0 && select.options[0].value.trim() === '') {\r\n                select.options[0].disabled = true;\r\n                select.options[0].hidden = true;\r\n            }\r\n        });\r\n    });\r\n});\r\n<\/script>\t\t\t\t<\/div>\n\t\t\t\t<\/div>\n\t\t\t\t<div class=\"elementor-element elementor-element-e3c1e7b elementor-button-align-end dd-ele-form elementor-widget elementor-widget-form\" data-id=\"e3c1e7b\" data-element_type=\"widget\" data-e-type=\"widget\" data-settings=\"{&quot;step_next_label&quot;:&quot;Suivant&quot;,&quot;step_previous_label&quot;:&quot;Pr\\u00e9c\\u00e9dent&quot;,&quot;step_type&quot;:&quot;number_text&quot;,&quot;step_icon_shape&quot;:&quot;circle&quot;}\" data-widget_type=\"form.default\">\n\t\t\t\t<div class=\"elementor-widget-container\">\n\t\t\t\t\t\t\t<form class=\"elementor-form\" method=\"post\" name=\"Formulaire de contact\" aria-label=\"Formulaire de contact\">\n\t\t\t<input type=\"hidden\" name=\"post_id\" value=\"10290\"\/>\n\t\t\t<input type=\"hidden\" name=\"form_id\" value=\"e3c1e7b\"\/>\n\t\t\t<input type=\"hidden\" name=\"referer_title\" value=\"Contact - ADR Projects\" \/>\n\n\t\t\t\t\t\t\t<input type=\"hidden\" name=\"queried_id\" value=\"10290\"\/>\n\t\t\t\n\t\t\t<div class=\"elementor-form-fields-wrapper elementor-labels-\">\n\t\t\t\t\t\t\t\t<div class=\"elementor-field-type-text elementor-field-group elementor-column elementor-field-group-name elementor-col-50 elementor-field-required\">\n\t\t\t\t\t\t\t\t\t\t\t\t<label for=\"form-field-name\" class=\"elementor-field-label elementor-screen-only\">\n\t\t\t\t\t\t\t\tNom\t\t\t\t\t\t\t<\/label>\n\t\t\t\t\t\t\t\t\t\t\t\t\t\t<input size=\"1\" type=\"text\" name=\"form_fields[name]\" id=\"form-field-name\" class=\"elementor-field elementor-size-sm  elementor-field-textual\" placeholder=\"Nom\" required=\"required\">\n\t\t\t\t\t\t\t\t\t\t\t<\/div>\n\t\t\t\t\t\t\t\t<div class=\"elementor-field-type-email elementor-field-group elementor-column elementor-field-group-email elementor-col-50 elementor-field-required\">\n\t\t\t\t\t\t\t\t\t\t\t\t<label for=\"form-field-email\" class=\"elementor-field-label elementor-screen-only\">\n\t\t\t\t\t\t\t\tE-mail\t\t\t\t\t\t\t<\/label>\n\t\t\t\t\t\t\t\t\t\t\t\t\t\t<input size=\"1\" type=\"email\" name=\"form_fields[email]\" id=\"form-field-email\" class=\"elementor-field elementor-size-sm  elementor-field-textual\" placeholder=\"E-mail\" required=\"required\">\n\t\t\t\t\t\t\t\t\t\t\t<\/div>\n\t\t\t\t\t\t\t\t<div class=\"elementor-field-type-tel elementor-field-group elementor-column elementor-field-group-field_cd2fef7 elementor-col-50\">\n\t\t\t\t\t\t\t\t\t\t\t\t<label for=\"form-field-field_cd2fef7\" class=\"elementor-field-label elementor-screen-only\">\n\t\t\t\t\t\t\t\tT\u00e9l\u00e9phone\t\t\t\t\t\t\t<\/label>\n\t\t\t\t\t\t\t\t<input size=\"1\" type=\"tel\" name=\"form_fields[field_cd2fef7]\" id=\"form-field-field_cd2fef7\" class=\"elementor-field elementor-size-sm  elementor-field-textual\" placeholder=\"T\u00e9l\u00e9phone\" pattern=\"[0-9()#&amp;+*-=.]+\" title=\"Seuls les caract\u00e8res de num\u00e9ros de t\u00e9l\u00e9phone (#, -, *, etc.) sont accept\u00e9s.\">\n\n\t\t\t\t\t\t<\/div>\n\t\t\t\t\t\t\t\t<div class=\"elementor-field-type-select elementor-field-group elementor-column elementor-field-group-field_79d05b6 elementor-col-50\">\n\t\t\t\t\t\t\t\t\t\t\t\t<label for=\"form-field-field_79d05b6\" class=\"elementor-field-label elementor-screen-only\">\n\t\t\t\t\t\t\t\tServices\t\t\t\t\t\t\t<\/label>\n\t\t\t\t\t\t\t\t<div class=\"elementor-field elementor-select-wrapper remove-before \">\n\t\t\t<div class=\"select-caret-down-wrapper\">\n\t\t\t\t<i aria-hidden=\"true\" class=\"eicon-caret-down\"><\/i>\t\t\t<\/div>\n\t\t\t<select name=\"form_fields[field_79d05b6]\" id=\"form-field-field_79d05b6\" class=\"elementor-field-textual elementor-size-sm\">\n\t\t\t\t\t\t\t\t\t<option value=\"&lt;br&gt;Architecture r\u00e9sidentielle&lt;br&gt;R\u00e9novations et restaurations&lt;br&gt;Design d&#039;int\u00e9rieur&lt;br&gt;Architecture d&#039;ext\u00e9rieurs&lt;br&gt;Autres services&lt;br&gt;\">Quels services vous int\u00e9ressent ? <\/option>\n\t\t\t\t\t\t\t<\/select>\n\t\t<\/div>\n\t\t\t\t\t\t<\/div>\n\t\t\t\t\t\t\t\t<div class=\"elementor-field-type-textarea elementor-field-group elementor-column elementor-field-group-message elementor-col-100 elementor-field-required\">\n\t\t\t\t\t\t\t\t\t\t\t\t<label for=\"form-field-message\" class=\"elementor-field-label elementor-screen-only\">\n\t\t\t\t\t\t\t\tMessage\t\t\t\t\t\t\t<\/label>\n\t\t\t\t\t\t<textarea class=\"elementor-field-textual elementor-field  elementor-size-sm\" name=\"form_fields[message]\" id=\"form-field-message\" rows=\"8\" placeholder=\"Parlez-nous davantage de votre projet\" required=\"required\"><\/textarea>\t\t\t\t<\/div>\n\t\t\t\t\t\t\t\t<div class=\"elementor-field-type-acceptance elementor-field-group elementor-column elementor-field-group-field_ff0315a elementor-col-70 elementor-field-required\">\n\t\t\t\t\t\t\t\t\t\t\t\t<label for=\"form-field-field_ff0315a\" class=\"elementor-field-label elementor-screen-only\">\n\t\t\t\t\t\t\t\tL\u00e9gal\t\t\t\t\t\t\t<\/label>\n\t\t\t\t\t\t\t\t<div class=\"elementor-field-subgroup\">\n\t\t\t<span class=\"elementor-field-option\">\n\t\t\t\t<input type=\"checkbox\" name=\"form_fields[field_ff0315a]\" id=\"form-field-field_ff0315a\" class=\"elementor-field elementor-size-sm  elementor-acceptance-field\" required=\"required\">\n\t\t\t\t<label for=\"form-field-field_ff0315a\">J\u2019ai lu et j\u2019accepte les <a href=\"https:\/\/adrprojects.com\/fr\/politique-de-confidentialite\/\" target=\"_blank\">conditions l\u00e9gales<\/a> du site web.<\/label>\t\t\t<\/span>\n\t\t<\/div>\n\t\t\t\t\t\t<\/div>\n\t\t\t\t\t\t\t\t<div class=\"elementor-field-type-recaptcha_v3 elementor-field-group elementor-column elementor-field-group-field_b3f2cc0 elementor-col-100 recaptcha_v3-bottomright\">\n\t\t\t\t\t<div class=\"elementor-field\" id=\"form-field-field_b3f2cc0\"><div class=\"elementor-g-recaptcha\" data-sitekey=\"6LdanhkrAAAAAAEHctJbinTwM2U1yyyXiTkJ5iiE\" data-type=\"v3\" data-action=\"Form\" data-badge=\"bottomright\" data-size=\"invisible\"><\/div><\/div>\t\t\t\t<\/div>\n\t\t\t\t\t\t\t\t<div class=\"elementor-field-group elementor-column elementor-field-type-submit elementor-col-100 e-form__buttons\">\n\t\t\t\t\t<button class=\"elementor-button elementor-size-sm\" type=\"submit\">\n\t\t\t\t\t\t<span class=\"elementor-button-content-wrapper\">\n\t\t\t\t\t\t\t\t\t\t\t\t\t\t\t<span class=\"elementor-button-icon\">\n\t\t\t\t\t\t\t\t\t<svg xmlns=\"http:\/\/www.w3.org\/2000\/svg\" width=\"37\" height=\"37\" viewBox=\"0 0 37 37\" fill=\"none\"><path d=\"M37 18.5C37 28.7173 28.7173 37 18.5 37C8.28273 37 0 28.7173 0 18.5C0 8.28273 8.28273 0 18.5 0C28.7173 0 37 8.28273 37 18.5Z\" fill=\"#191817\"><\/path><path d=\"M12 19H24M24 19L18 13M24 19L18 25\" stroke=\"white\"><\/path><\/svg>\t\t\t\t\t\t\t\t\t\t\t\t\t\t\t\t\t<\/span>\n\t\t\t\t\t\t\t\t\t\t\t\t\t\t\t\t\t\t\t\t\t\t<span class=\"elementor-button-text\">ENVOYER<\/span>\n\t\t\t\t\t\t\t\t\t\t\t\t\t<\/span>\n\t\t\t\t\t<\/button>\n\t\t\t\t<\/div>\n\t\t\t<\/div>\n\t\t<\/form>\n\t\t\t\t\t\t<\/div>\n\t\t\t\t<\/div>\n\t\t\t\t\t<\/div>\n\t\t\t\t<\/div>\n\t\t<div class=\"elementor-element elementor-element-58733e0 e-flex e-con-boxed e-con e-parent\" data-id=\"58733e0\" data-element_type=\"container\" data-e-type=\"container\">\n\t\t\t\t\t<div class=\"e-con-inner\">\n\t\t\t\t<div class=\"elementor-element elementor-element-427dc38 elementor-widget__width-initial elementor-widget elementor-widget-text-editor\" data-id=\"427dc38\" data-element_type=\"widget\" data-e-type=\"widget\" data-widget_type=\"text-editor.default\">\n\t\t\t\t<div class=\"elementor-widget-container\">\n\t\t\t\t\t\t\t\t\t<p>Voulez-vous travailler avec nous? \u00c9crivez-nous et nous discuterons : <a href=\"mailto:hello@adrprojects.cat\">hello@adrprojects.cat<\/a><\/p>\n<div id=\"gtx-trans\" style=\"position: absolute; left: 95px; top: 62.5px;\">\n<div class=\"gtx-trans-icon\"><\/div>\n<p><\/div>\n\t\t\t\t\t\t\t\t<\/div>\n\t\t\t\t<\/div>\n\t\t\t\t\t<\/div>\n\t\t\t\t<\/div>\n\t\t\t\t<\/div>\n\t\t","protected":false},"excerpt":{"rendered":"<p>Contact Construisons des liens ensemble, parlez-nous de votre prochain projet Carretera de Girona, 1817220 &#8211; Sant Feliu de Gu\u00edxols (Girona) T\u00e9l\u00e9phone d&rsquo;Adri\u00e0 : +34 628 08 68 05 T\u00e9l\u00e9phone de David : +34 669 85 38 55 E-mail : Voulez-vous travailler avec nous? \u00c9crivez-nous et nous discuterons : hello@adrprojects.cat<\/p>\n","protected":false},"author":1,"featured_media":0,"parent":0,"menu_order":0,"comment_status":"closed","ping_status":"closed","template":"elementor_header_footer","meta":{"_acf_changed":false,"footnotes":""},"class_list":["post-10290","page","type-page","status-publish","hentry"],"acf":[],"yoast_head":"<!-- This site is optimized with the Yoast SEO plugin v27.4 - https:\/\/yoast.com\/product\/yoast-seo-wordpress\/ -->\n<title>Contact - ADR Projects<\/title>\n<meta name=\"robots\" content=\"index, follow, max-snippet:-1, max-image-preview:large, max-video-preview:-1\" \/>\n<link rel=\"canonical\" href=\"https:\/\/adrprojects.com\/fr\/contact\/\" \/>\n<meta property=\"og:locale\" content=\"fr_FR\" \/>\n<meta property=\"og:type\" content=\"article\" \/>\n<meta property=\"og:title\" content=\"Contact - ADR Projects\" \/>\n<meta property=\"og:description\" content=\"Contact Construisons des liens ensemble, parlez-nous de votre prochain projet Carretera de Girona, 1817220 &#8211; Sant Feliu de Gu\u00edxols (Girona) T\u00e9l\u00e9phone d&rsquo;Adri\u00e0 : +34 628 08 68 05 T\u00e9l\u00e9phone de David : +34 669 85 38 55 E-mail : Voulez-vous travailler avec nous? \u00c9crivez-nous et nous discuterons : hello@adrprojects.cat\" \/>\n<meta property=\"og:url\" content=\"https:\/\/adrprojects.com\/fr\/contact\/\" \/>\n<meta property=\"og:site_name\" content=\"ADR Projects\" \/>\n<meta property=\"article:modified_time\" content=\"2025-12-03T08:32:39+00:00\" \/>\n<meta name=\"twitter:card\" content=\"summary_large_image\" \/>\n<script type=\"application\/ld+json\" class=\"yoast-schema-graph\">{\"@context\":\"https:\\\/\\\/schema.org\",\"@graph\":[{\"@type\":\"WebPage\",\"@id\":\"https:\\\/\\\/adrprojects.com\\\/fr\\\/contact\\\/\",\"url\":\"https:\\\/\\\/adrprojects.com\\\/fr\\\/contact\\\/\",\"name\":\"Contact - ADR Projects\",\"isPartOf\":{\"@id\":\"https:\\\/\\\/adrprojects.com\\\/fr\\\/#website\"},\"datePublished\":\"2024-07-29T16:00:01+00:00\",\"dateModified\":\"2025-12-03T08:32:39+00:00\",\"breadcrumb\":{\"@id\":\"https:\\\/\\\/adrprojects.com\\\/fr\\\/contact\\\/#breadcrumb\"},\"inLanguage\":\"fr-FR\",\"potentialAction\":[{\"@type\":\"ReadAction\",\"target\":[\"https:\\\/\\\/adrprojects.com\\\/fr\\\/contact\\\/\"]}]},{\"@type\":\"BreadcrumbList\",\"@id\":\"https:\\\/\\\/adrprojects.com\\\/fr\\\/contact\\\/#breadcrumb\",\"itemListElement\":[{\"@type\":\"ListItem\",\"position\":1,\"name\":\"Inicio\",\"item\":\"https:\\\/\\\/adrprojects.com\\\/fr\\\/\"},{\"@type\":\"ListItem\",\"position\":2,\"name\":\"Contact\"}]},{\"@type\":\"WebSite\",\"@id\":\"https:\\\/\\\/adrprojects.com\\\/fr\\\/#website\",\"url\":\"https:\\\/\\\/adrprojects.com\\\/fr\\\/\",\"name\":\"ADR Projects\",\"description\":\"Creamos espacios para una vida con pasi\u00f3n, libertad y comodidad.\",\"publisher\":{\"@id\":\"https:\\\/\\\/adrprojects.com\\\/fr\\\/#organization\"},\"alternateName\":\"Organic Cotton Colours\",\"potentialAction\":[{\"@type\":\"SearchAction\",\"target\":{\"@type\":\"EntryPoint\",\"urlTemplate\":\"https:\\\/\\\/adrprojects.com\\\/fr\\\/?s={search_term_string}\"},\"query-input\":{\"@type\":\"PropertyValueSpecification\",\"valueRequired\":true,\"valueName\":\"search_term_string\"}}],\"inLanguage\":\"fr-FR\"},{\"@type\":\"Organization\",\"@id\":\"https:\\\/\\\/adrprojects.com\\\/fr\\\/#organization\",\"name\":\"ADR Projects\",\"url\":\"https:\\\/\\\/adrprojects.com\\\/fr\\\/\",\"logo\":{\"@type\":\"ImageObject\",\"inLanguage\":\"fr-FR\",\"@id\":\"https:\\\/\\\/adrprojects.com\\\/fr\\\/#\\\/schema\\\/logo\\\/image\\\/\",\"url\":\"https:\\\/\\\/adrprojects.com\\\/wp-content\\\/uploads\\\/2023\\\/12\\\/favicon-negre.svg\",\"contentUrl\":\"https:\\\/\\\/adrprojects.com\\\/wp-content\\\/uploads\\\/2023\\\/12\\\/favicon-negre.svg\",\"width\":124,\"height\":124,\"caption\":\"ADR Projects\"},\"image\":{\"@id\":\"https:\\\/\\\/adrprojects.com\\\/fr\\\/#\\\/schema\\\/logo\\\/image\\\/\"},\"sameAs\":[\"https:\\\/\\\/www.instagram.com\\\/adrprojects\\\/\",\"https:\\\/\\\/www.linkedin.com\\\/in\\\/adr-projects-b8a4951a6\\\/\"]}]}<\/script>\n<!-- \/ Yoast SEO plugin. -->","yoast_head_json":{"title":"Contact - ADR Projects","robots":{"index":"index","follow":"follow","max-snippet":"max-snippet:-1","max-image-preview":"max-image-preview:large","max-video-preview":"max-video-preview:-1"},"canonical":"https:\/\/adrprojects.com\/fr\/contact\/","og_locale":"fr_FR","og_type":"article","og_title":"Contact - ADR Projects","og_description":"Contact Construisons des liens ensemble, parlez-nous de votre prochain projet Carretera de Girona, 1817220 &#8211; Sant Feliu de Gu\u00edxols (Girona) T\u00e9l\u00e9phone d&rsquo;Adri\u00e0 : +34 628 08 68 05 T\u00e9l\u00e9phone de David : +34 669 85 38 55 E-mail : Voulez-vous travailler avec nous? \u00c9crivez-nous et nous discuterons : hello@adrprojects.cat","og_url":"https:\/\/adrprojects.com\/fr\/contact\/","og_site_name":"ADR Projects","article_modified_time":"2025-12-03T08:32:39+00:00","twitter_card":"summary_large_image","schema":{"@context":"https:\/\/schema.org","@graph":[{"@type":"WebPage","@id":"https:\/\/adrprojects.com\/fr\/contact\/","url":"https:\/\/adrprojects.com\/fr\/contact\/","name":"Contact - ADR Projects","isPartOf":{"@id":"https:\/\/adrprojects.com\/fr\/#website"},"datePublished":"2024-07-29T16:00:01+00:00","dateModified":"2025-12-03T08:32:39+00:00","breadcrumb":{"@id":"https:\/\/adrprojects.com\/fr\/contact\/#breadcrumb"},"inLanguage":"fr-FR","potentialAction":[{"@type":"ReadAction","target":["https:\/\/adrprojects.com\/fr\/contact\/"]}]},{"@type":"BreadcrumbList","@id":"https:\/\/adrprojects.com\/fr\/contact\/#breadcrumb","itemListElement":[{"@type":"ListItem","position":1,"name":"Inicio","item":"https:\/\/adrprojects.com\/fr\/"},{"@type":"ListItem","position":2,"name":"Contact"}]},{"@type":"WebSite","@id":"https:\/\/adrprojects.com\/fr\/#website","url":"https:\/\/adrprojects.com\/fr\/","name":"ADR Projects","description":"Creamos espacios para una vida con pasi\u00f3n, libertad y comodidad.","publisher":{"@id":"https:\/\/adrprojects.com\/fr\/#organization"},"alternateName":"Organic Cotton Colours","potentialAction":[{"@type":"SearchAction","target":{"@type":"EntryPoint","urlTemplate":"https:\/\/adrprojects.com\/fr\/?s={search_term_string}"},"query-input":{"@type":"PropertyValueSpecification","valueRequired":true,"valueName":"search_term_string"}}],"inLanguage":"fr-FR"},{"@type":"Organization","@id":"https:\/\/adrprojects.com\/fr\/#organization","name":"ADR Projects","url":"https:\/\/adrprojects.com\/fr\/","logo":{"@type":"ImageObject","inLanguage":"fr-FR","@id":"https:\/\/adrprojects.com\/fr\/#\/schema\/logo\/image\/","url":"https:\/\/adrprojects.com\/wp-content\/uploads\/2023\/12\/favicon-negre.svg","contentUrl":"https:\/\/adrprojects.com\/wp-content\/uploads\/2023\/12\/favicon-negre.svg","width":124,"height":124,"caption":"ADR Projects"},"image":{"@id":"https:\/\/adrprojects.com\/fr\/#\/schema\/logo\/image\/"},"sameAs":["https:\/\/www.instagram.com\/adrprojects\/","https:\/\/www.linkedin.com\/in\/adr-projects-b8a4951a6\/"]}]}},"_links":{"self":[{"href":"https:\/\/adrprojects.com\/fr\/wp-json\/wp\/v2\/pages\/10290","targetHints":{"allow":["GET"]}}],"collection":[{"href":"https:\/\/adrprojects.com\/fr\/wp-json\/wp\/v2\/pages"}],"about":[{"href":"https:\/\/adrprojects.com\/fr\/wp-json\/wp\/v2\/types\/page"}],"author":[{"embeddable":true,"href":"https:\/\/adrprojects.com\/fr\/wp-json\/wp\/v2\/users\/1"}],"replies":[{"embeddable":true,"href":"https:\/\/adrprojects.com\/fr\/wp-json\/wp\/v2\/comments?post=10290"}],"version-history":[{"count":4,"href":"https:\/\/adrprojects.com\/fr\/wp-json\/wp\/v2\/pages\/10290\/revisions"}],"predecessor-version":[{"id":13858,"href":"https:\/\/adrprojects.com\/fr\/wp-json\/wp\/v2\/pages\/10290\/revisions\/13858"}],"wp:attachment":[{"href":"https:\/\/adrprojects.com\/fr\/wp-json\/wp\/v2\/media?parent=10290"}],"curies":[{"name":"wp","href":"https:\/\/api.w.org\/{rel}","templated":true}]}}